{"id":6868,"date":"2015-11-21T17:06:15","date_gmt":"2015-11-21T16:06:15","guid":{"rendered":"http:\/\/www.cycloclubremois.fr\/?page_id=6868"},"modified":"2025-12-11T17:50:58","modified_gmt":"2025-12-11T16:50:58","slug":"qui-es-tu","status":"publish","type":"page","link":"https:\/\/cycloclubremois.com\/index.php\/adherents\/qui-es-tu\/","title":{"rendered":"Qui es-tu ?"},"content":{"rendered":"<h2 style=\"text-align: center;\">INTERVIEW EXTRAIT DES BULLETINS DE YVON<\/h2>\n<p style=\"text-align: center;\"><img loading=\"lazy\" decoding=\"async\" class=\"aligncenter size-full wp-image-15020\" src=\"http:\/\/cycloclubremois.com\/wp-content\/uploads\/2018\/02\/BARTHELEMY-GUY.jpg\" alt=\"\" width=\"197\" height=\"224\"><a href=\"http:\/\/cycloclubremois.com\/wp-content\/uploads\/2018\/02\/GUY-BARTHELEMY.pdf\" target=\"_blank\" rel=\"noopener\">Septembre 2012 Guy BARTH\u00c9LEMY<\/a><\/p>\n<p style=\"text-align: center;\"><em>\u00ab Rencontrant une dame qu'il n'avait pas vue depuis tr\u00e8s longtemps un homme d'\u00e2ge h\u00e9sitait : \"Comment ! dit la dame, vous ne me reconnaissez pas? - H\u00e9las! madame; j'ai tant chang\u00e9!\". \u00bb &nbsp;&nbsp;\u00c9mile Faguet<\/em><\/p>\n<p style=\"text-align: center;\"><img loading=\"lazy\" decoding=\"async\" class=\"aligncenter size-full wp-image-15022\" src=\"http:\/\/cycloclubremois.com\/wp-content\/uploads\/2018\/02\/CHEVIN-JACQUELINE.jpg\" alt=\"\" width=\"192\" height=\"266\"><\/p>\n<p style=\"text-align: center;\"><a href=\"http:\/\/cycloclubremois.com\/wp-content\/uploads\/2018\/02\/JACQUELINE-CHEVIN.pdf\" target=\"_blank\" rel=\"noopener\">Novembre 2012 Jacqueline CHEVIN<\/a><\/p>\n<p style=\"text-align: center;\"><img loading=\"lazy\" decoding=\"async\" class=\"size-full wp-image-35208 aligncenter\" src=\"http:\/\/cycloclubremois.com\/wp-content\/uploads\/2022\/01\/BLUTTE-LAURENT.jpg\" alt=\"\" width=\"167\" height=\"188\"><a href=\"http:\/\/cycloclubremois.com\/wp-content\/uploads\/2018\/02\/JEAN-CHODAN-DECEMBRE-2012.pdf\" target=\"_blank\" rel=\"noopener\">D\u00e9cembre 2012 Jean CHODAN<\/a><\/p>\n<p style=\"text-align: center;\"><img loading=\"lazy\" decoding=\"async\" class=\"alignnone size-full wp-image-35204\" src=\"http:\/\/cycloclubremois.com\/wp-content\/uploads\/2022\/01\/SIMON-NADEGE.jpg\" alt=\"\" width=\"197\" height=\"268\"><\/p>\n<p style=\"text-align: center;\"><a href=\"http:\/\/cycloclubremois.com\/wp-content\/uploads\/2018\/02\/NATHALIE-SIMON-JANVIER-2013.pdf\" target=\"_blank\" rel=\"noopener\">Janvier 2013 Nad\u00e9ge SIMON<\/a><\/p>\n<p style=\"text-align: center;\">&nbsp;<\/p>\n<p style=\"text-align: center;\"><a href=\"http:\/\/www.cycloclubremois.fr\/wp-content\/uploads\/2015\/11\/PIERRE-HOHWEILER-FEVRIER-2013.pdf\" target=\"_blank\" rel=\"noopener\">F\u00e9vrier 2013&nbsp;Pierre HOHWEILER<\/a><\/p>\n<p style=\"text-align: center;\"><img loading=\"lazy\" decoding=\"async\" class=\"alignnone size-full wp-image-35199\" src=\"http:\/\/cycloclubremois.com\/wp-content\/uploads\/2022\/01\/DEFRANCESCHI-RAYMOND.jpg\" alt=\"\" width=\"197\" height=\"239\"><\/p>\n<p style=\"text-align: center;\"><a href=\"http:\/\/cycloclubremois.com\/wp-content\/uploads\/2018\/02\/RAYMOND-DEFRANCESCHI-MARS-2013.pdf\" target=\"_blank\" rel=\"noopener\">Mai 2013 Raymond DEFRANCESCHI<\/a><\/p>\n<p style=\"text-align: center;\"><img loading=\"lazy\" decoding=\"async\" class=\"alignnone size-full wp-image-35205\" src=\"http:\/\/cycloclubremois.com\/wp-content\/uploads\/2022\/01\/VIENNAUX-ROGER.jpg\" alt=\"\" width=\"197\" height=\"268\"><\/p>\n<p style=\"text-align: center;\"><a href=\"http:\/\/cycloclubremois.com\/wp-content\/uploads\/2018\/02\/ROGER-VIENNAUX-SEPTEMBRE-2013.pdf\" target=\"_blank\" rel=\"noopener\">Septembre 2013 Roger VIENNAUX<\/a><\/p>\n<p style=\"text-align: center;\"><img loading=\"lazy\" decoding=\"async\" class=\"alignnone size-full wp-image-35196\" src=\"http:\/\/cycloclubremois.com\/wp-content\/uploads\/2022\/01\/BARDIAUX-ANNIE.jpg\" alt=\"\" width=\"197\" height=\"256\"><\/p>\n<p style=\"text-align: center;\"><a href=\"http:\/\/cycloclubremois.com\/wp-content\/uploads\/2018\/02\/ANNIE-BARDIAUX-NOVEMBRE-2013.pdf\" target=\"_blank\" rel=\"noopener\">Novembre 2013 Annie BARDIAUX<\/a><\/p>\n<p style=\"text-align: center;\"><img loading=\"lazy\" decoding=\"async\" class=\"alignnone size-full wp-image-35201\" src=\"http:\/\/cycloclubremois.com\/wp-content\/uploads\/2022\/01\/HUBERT-BERNARD.jpg\" alt=\"\" width=\"181\" height=\"262\"><\/p>\n<p style=\"text-align: center;\"><a href=\"http:\/\/cycloclubremois.com\/wp-content\/uploads\/2018\/02\/HUBERT-FEVRIER-2014.pdf\" target=\"_blank\" rel=\"noopener\">F\u00e9vrier 2014 Bernard HUBERT<\/a><\/p>\n<p><img loading=\"lazy\" decoding=\"async\" class=\"size-full wp-image-35206 aligncenter\" src=\"http:\/\/cycloclubremois.com\/wp-content\/uploads\/2022\/01\/WALLERS-THOMAS.jpg\" alt=\"\" width=\"197\" height=\"257\"><\/p>\n<p style=\"text-align: center;\"><a href=\"http:\/\/cycloclubremois.com\/wp-content\/uploads\/2018\/02\/THOMAS-WALERS-MARS-2014.pdf\" target=\"_blank\" rel=\"noopener\">Mars 2014 Thomas WALERS<\/a><\/p>\n<p style=\"text-align: center;\"><img loading=\"lazy\" decoding=\"async\" class=\"alignnone size-full wp-image-35198\" src=\"http:\/\/cycloclubremois.com\/wp-content\/uploads\/2022\/01\/BRUYANT-ETIENNETTE.jpg\" alt=\"\" width=\"197\" height=\"261\"><\/p>\n<p style=\"text-align: center;\"><a href=\"http:\/\/cycloclubremois.com\/wp-content\/uploads\/2018\/02\/ETIENNETTE-BRUYANT-AVRIL-2014.pdf\" target=\"_blank\" rel=\"noopener\">Avril 2014 Etiennette BRUYANT<\/a><\/p>\n<p style=\"text-align: center;\"><img loading=\"lazy\" decoding=\"async\" class=\"size-full wp-image-35203 aligncenter\" src=\"http:\/\/cycloclubremois.com\/wp-content\/uploads\/2022\/01\/MORISOT-BERNARD.jpg\" alt=\"\" width=\"197\" height=\"274\"><a href=\"http:\/\/cycloclubremois.com\/wp-content\/uploads\/2018\/02\/bernard-morisot.pdf\" target=\"_blank\" rel=\"noopener\">Juin 2014 Bernard MORISOT<\/a><\/p>\n<p style=\"text-align: center;\"><img loading=\"lazy\" decoding=\"async\" class=\"size-full wp-image-35202 aligncenter\" src=\"http:\/\/cycloclubremois.com\/wp-content\/uploads\/2022\/01\/LETHE-JEAN.jpg\" alt=\"\" width=\"197\" height=\"281\"><a href=\"http:\/\/cycloclubremois.com\/wp-content\/uploads\/2018\/02\/JEAN-LETHE-NOVEMBRE-2014.pdf\" target=\"_blank\" rel=\"noopener\">Novembre 2014 Jean LETHE<\/a><\/p>\n<p style=\"text-align: center;\"><img loading=\"lazy\" decoding=\"async\" class=\"size-full wp-image-35197 aligncenter\" src=\"http:\/\/cycloclubremois.com\/wp-content\/uploads\/2022\/01\/CADET-ANDRE.jpg\" alt=\"\" width=\"197\" height=\"267\"><a href=\"http:\/\/cycloclubremois.com\/wp-content\/uploads\/2018\/02\/ANDRE-CADET-DECEMBRE-2014.pdf\" target=\"_blank\" rel=\"noopener\">D\u00e9cembre 2014 Andr\u00e9 CADET<\/a><\/p>\n<p style=\"text-align: center;\"><img loading=\"lazy\" decoding=\"async\" class=\"size-full wp-image-35200 aligncenter\" src=\"http:\/\/cycloclubremois.com\/wp-content\/uploads\/2022\/01\/FAYET-ARNAUD.jpg\" alt=\"\" width=\"196\" height=\"242\"><a href=\"http:\/\/cycloclubremois.com\/wp-content\/uploads\/2018\/02\/ARNAUD-FAYET.pdf\" target=\"_blank\" rel=\"noopener\">Avril 2015 Arnaud FAYET<\/a><\/p>\n<p style=\"text-align: center;\"><img loading=\"lazy\" decoding=\"async\" class=\"size-full wp-image-35208 aligncenter\" src=\"http:\/\/cycloclubremois.com\/wp-content\/uploads\/2022\/01\/BLUTTE-LAURENT.jpg\" alt=\"\" width=\"167\" height=\"188\"><a href=\"http:\/\/cycloclubremois.com\/wp-content\/uploads\/2018\/02\/CHRISTIAN-GENTILHOMME-OCTOBRE-2014.pdf\" target=\"_blank\" rel=\"noopener\">Octobre 2015 Christian GENTILHOMME<\/a><\/p>\n<p>&nbsp;<br \/>\n<span style=\"font-size: 10pt;\"><em>Mise \u00e0 jour le 20 \/01\/2022 \u00c9tienne DUGOIS<\/em><\/span><\/p>\n","protected":false},"excerpt":{"rendered":"<p>INTERVIEW EXTRAIT DES BULLETINS DE YVON Septembre 2012 Guy BARTH\u00c9LEMY \u00ab Rencontrant une dame qu&rsquo;il n&rsquo;avait pas vue depuis tr\u00e8s longtemps un homme d&rsquo;\u00e2ge h\u00e9sitait : \u00ab\u00a0Comment ! dit la dame, vous ne me reconnaissez pas? &#8211; H\u00e9las! madame; j&rsquo;ai tant chang\u00e9!\u00a0\u00bb. \u00bb &nbsp;&nbsp;\u00c9mile Faguet Novembre 2012 Jacqueline CHEVIN D\u00e9cembre 2012 Jean CHODAN Janvier 2013&#8230;<\/p>\n","protected":false},"author":3,"featured_media":0,"parent":6288,"menu_order":4,"comment_status":"closed","ping_status":"closed","template":"","meta":{"_acf_changed":false,"inline_featured_image":false,"ngg_post_thumbnail":0,"_kad_post_transparent":"","_kad_post_title":"","_kad_post_layout":"","_kad_post_sidebar_id":"","_kad_post_content_style":"","_kad_post_vertical_padding":"","_kad_post_feature":"","_kad_post_feature_position":"","_kad_post_header":false,"_kad_post_footer":false,"_kad_post_classname":"","footnotes":""},"folder":[],"class_list":["post-6868","page","type-page","status-publish","hentry"],"acf":[],"_links":{"self":[{"href":"https:\/\/cycloclubremois.com\/index.php\/wp-json\/wp\/v2\/pages\/6868","targetHints":{"allow":["GET"]}}],"collection":[{"href":"https:\/\/cycloclubremois.com\/index.php\/wp-json\/wp\/v2\/pages"}],"about":[{"href":"https:\/\/cycloclubremois.com\/index.php\/wp-json\/wp\/v2\/types\/page"}],"author":[{"embeddable":true,"href":"https:\/\/cycloclubremois.com\/index.php\/wp-json\/wp\/v2\/users\/3"}],"replies":[{"embeddable":true,"href":"https:\/\/cycloclubremois.com\/index.php\/wp-json\/wp\/v2\/comments?post=6868"}],"version-history":[{"count":11,"href":"https:\/\/cycloclubremois.com\/index.php\/wp-json\/wp\/v2\/pages\/6868\/revisions"}],"predecessor-version":[{"id":48482,"href":"https:\/\/cycloclubremois.com\/index.php\/wp-json\/wp\/v2\/pages\/6868\/revisions\/48482"}],"up":[{"embeddable":true,"href":"https:\/\/cycloclubremois.com\/index.php\/wp-json\/wp\/v2\/pages\/6288"}],"wp:attachment":[{"href":"https:\/\/cycloclubremois.com\/index.php\/wp-json\/wp\/v2\/media?parent=6868"}],"wp:term":[{"taxonomy":"folder","embeddable":true,"href":"https:\/\/cycloclubremois.com\/index.php\/wp-json\/wp\/v2\/folder?post=6868"}],"curies":[{"name":"wp","href":"https:\/\/api.w.org\/{rel}","templated":true}]}}