{"id":6380,"date":"2015-11-10T23:59:33","date_gmt":"2015-11-10T22:59:33","guid":{"rendered":"http:\/\/www.cycloclubremois.fr\/?page_id=6380"},"modified":"2026-03-27T19:10:04","modified_gmt":"2026-03-27T18:10:04","slug":"les-80-ans-du-club","status":"publish","type":"page","link":"https:\/\/cycloclubremois.com\/index.php\/divers\/les-80-ans-du-club\/","title":{"rendered":"Les 80 ans du club"},"content":{"rendered":"\n<!-- ================================================\n     PAGE 80 ANS DU CLUB - HTML COMPLET\n     ================================================ -->\n\n<!-- 1. HERO 80 ANS -->\n<div class=\"hero-80-ans\">\n    <span class=\"badge-80\">1945 - 2025<\/span>\n    <h1>\ud83c\udf89 80 ans du Cyclo Club R\u00e9mois<\/h1>\n    <p class=\"date-anniversaire\">Anniversaire c\u00e9l\u00e9br\u00e9 le 7 avril 2012<\/p>\n<\/div>\n\n\n<style>.wp-block-kadence-spacer.kt-block-spacer-6380_0f1b17-de .kt-block-spacer{height:60px;}.wp-block-kadence-spacer.kt-block-spacer-6380_0f1b17-de .kt-divider{border-top-width:1px;height:1px;border-top-color:#eee;width:80%;border-top-style:solid;}<\/style>\n<div class=\"wp-block-kadence-spacer aligncenter kt-block-spacer-6380_0f1b17-de\"><div class=\"kt-block-spacer kt-block-spacer-halign-center\"><hr class=\"kt-divider\"\/><\/div><\/div>\n\n\n\n<!-- 2. MESSAGE D'YVON -->\n<div class=\"message-yvon\">\n    <h3>Message d'Yvon H<\/h3>\n    \n    <p>\n        <em>\u00abMieux vaut tard que jamais\u00bb\u2026 Enfin, l\u00e0 \u00e7a fait tr\u00e8s tard c'est vrai\u2026<\/em>\n    <\/p>\n    \n    <p>\n        Lors des <strong>80 ans du CCR<\/strong> (le 7 avril 2012) j'avais pris quelques vid\u00e9os de cette belle journ\u00e9e d'anniversaire. Restait \u00e0 mettre \u00e7a en \u00abmusique\u00bb et l\u00e0 il me fallait un peu de temps et surtout un peu d'aide ext\u00e9rieure (merci mon fils\u2026).\n    <\/p>\n    \n    <p>\n        Vous trouverez donc ci-dessous un lien qui vous permettra de visionner cette vid\u00e9o qui est sans pr\u00e9tention aucune et deux liens des reportages photos. <strong>L'id\u00e9e \u00e9tant de partager un moment fort du club<\/strong> notamment pour les nouveaux C\u00e9c\u00e9ristes.\n    <\/p>\n    \n    <p class=\"signature\">\u2014 Yvon H<\/p>\n<\/div>\n\n\n<style>.wp-block-kadence-spacer.kt-block-spacer-6380_4aa3da-92 .kt-block-spacer{height:60px;}.wp-block-kadence-spacer.kt-block-spacer-6380_4aa3da-92 .kt-divider{border-top-width:1px;height:1px;border-top-color:#eee;width:80%;border-top-style:solid;}<\/style>\n<div class=\"wp-block-kadence-spacer aligncenter kt-block-spacer-6380_4aa3da-92\"><div class=\"kt-block-spacer kt-block-spacer-halign-center\"><hr class=\"kt-divider\"\/><\/div><\/div>\n\n\n\n<!-- 3. VID\u00c9O ET PHOTOS -->\n<div class=\"contenus-80-ans\">\n    \n    <!-- Vid\u00e9o -->\n    <div class=\"bloc-video-80\">\n        <h3>\ud83c\udfac Vid\u00e9o de l'anniversaire<\/h3>\n        <div class=\"video-wrapper\">\n            <iframe src=\"https:\/\/geo.dailymotion.com\/player.html?video=x2hq9kp\" \n                    title=\"80 ans du CCR\" \n                    allow=\"accelerometer; autoplay; clipboard-write; encrypted-media; gyroscope; picture-in-picture\" \n                    allowfullscreen>\n            <\/iframe>\n        <\/div>\n    <\/div>\n    \n    <!-- Photos -->\n    <div class=\"bloc-photos-80\">\n        <h3>\ud83d\udcf8 Galerie Photos<\/h3>\n        <p style=\"margin-bottom: 25px; color: #666;\">\n            Cliquez sur l'image pour acc\u00e9der \u00e0 la galerie compl\u00e8te de cette journ\u00e9e m\u00e9morable\n        <\/p>\n        <a href=\"http:\/\/ccrcyclo.free.fr\/Dos2012\/Festivitee-2012\/anniversaire-80-ans-ccr\/index.html\" class=\"lien-galerie-80\" target=\"_blank\">\n            <img decoding=\"async\" src=\"http:\/\/www.cycloclubremois.com\/wp-content\/uploads\/2012\/01\/PHOTO-11.jpg\" alt=\"80 ans CCR - Photos\">\n        <\/a>\n    <\/div>\n    \n<\/div>\n\n\n<style>.wp-block-kadence-spacer.kt-block-spacer-6380_fd422c-5e .kt-block-spacer{height:60px;}.wp-block-kadence-spacer.kt-block-spacer-6380_fd422c-5e .kt-divider{border-top-width:1px;height:1px;border-top-color:#eee;width:80%;border-top-style:solid;}<\/style>\n<div class=\"wp-block-kadence-spacer aligncenter kt-block-spacer-6380_fd422c-5e\"><div class=\"kt-block-spacer kt-block-spacer-halign-center\"><hr class=\"kt-divider\"\/><\/div><\/div>\n\n\n\n<!-- 4. REMERCIEMENTS -->\n<div class=\"remerciements-80\">\n    <h3>\ud83d\ude4f Remerciements<\/h3>\n    <p>\n        <strong>Merci aux photographes du jour :<\/strong> Mimi et Pascal\n    <\/p>\n    <p>\n        <strong>Montage et mise en ligne :<\/strong> Yvon H (avec l'aide de son fils)\n    <\/p>\n    <p style=\"margin-top: 20px; font-size: 14px; color: #666;\">\n        Ces souvenirs sont pr\u00e9cieux pour tous les membres du club, anciens et nouveaux. Ils t\u00e9moignent de la long\u00e9vit\u00e9 et de la vitalit\u00e9 du Cyclo Club R\u00e9mois depuis <strong>1945<\/strong>.\n    <\/p>\n<\/div>\n\n\n<style>.wp-block-kadence-spacer.kt-block-spacer-6380_f6bdf3-60 .kt-block-spacer{height:60px;}.wp-block-kadence-spacer.kt-block-spacer-6380_f6bdf3-60 .kt-divider{border-top-width:1px;height:1px;border-top-color:#eee;width:80%;border-top-style:solid;}<\/style>\n<div class=\"wp-block-kadence-spacer aligncenter kt-block-spacer-6380_f6bdf3-60\"><div class=\"kt-block-spacer kt-block-spacer-halign-center\"><hr class=\"kt-divider\"\/><\/div><\/div>\n\n\n\n<!-- 5. NOTE HISTORIQUE -->\n    \n    <style>\n        #alerte-ccr-1 {\n            background: linear-gradient(135deg, #e3f2fd 0%, #bbdefb 100%);\n            border-left: 5px solid #1976d2;\n            border-radius: 10px;\n            padding: 20px 20px 20px 80px;\n            margin: 25px 0;\n            box-shadow: 0 4px 15px rgba(0, 0, 0, 0.1);\n            position: relative;\n            min-height: 60px;\n            display: flex;\n            align-items: center;\n        }\n\n        #alerte-ccr-1 .alerte-icon {\n            position: absolute;\n            left: 15px;\n            top: 50%;\n            transform: translateY(-50%);\n            width: 50px;\n            height: 50px;\n            background: linear-gradient(135deg, #42a5f5, #1976d2);\n            border-radius: 50%;\n            display: flex;\n            align-items: center;\n            justify-content: center;\n            font-size: 24px;\n            box-shadow: 0 2px 8px rgba(0, 0, 0, 0.15);\n        }\n\n        #alerte-ccr-1 .alerte-content {\n            flex: 1;\n            font-size: 15px;\n            line-height: 1.6;\n            color: #333;\n        }\n\n        #alerte-ccr-1 .alerte-content p {\n            margin: 0 0 10px 0;\n        }\n\n        #alerte-ccr-1 .alerte-content p:last-child {\n            margin-bottom: 0;\n        }\n\n        #alerte-ccr-1 .alerte-content strong {\n            font-weight: 700;\n            color: #1976d2;\n        }\n\n        @media (max-width: 768px) {\n            #alerte-ccr-1 {\n                padding: 70px 15px 15px 15px;\n            }\n\n            #alerte-ccr-1 .alerte-icon {\n                left: 50%;\n                top: 15px;\n                transform: translateX(-50%);\n            }\n        }\n    <\/style>\n\n    <div id=\"alerte-ccr-1\">\n        <div class=\"alerte-icon\">\u2139\ufe0f<\/div>\n        <div class=\"alerte-content\">\n            <p><strong>\ud83d\udcdc Un peu d'histoire<\/strong><\/p>\n<p>Le Cyclo Club R\u00e9mois a \u00e9t\u00e9 fond\u00e9 en <strong>1932<\/strong>. Cette page c\u00e9l\u00e8bre les <strong>80 ans<\/strong> du club en 2012. Aujourd'hui, le club continue de faire vivre la passion du cyclotourisme dans la r\u00e9gion r\u00e9moise !<\/p>\n        <\/div>\n    <\/div>\n\n    \n\n\n\n<p><\/p>\n\n\n<style>.wp-block-kadence-spacer.kt-block-spacer-6380_6e9ad2-ce .kt-block-spacer{height:60px;}.wp-block-kadence-spacer.kt-block-spacer-6380_6e9ad2-ce .kt-divider{border-top-width:1px;height:1px;border-top-color:#eee;width:80%;border-top-style:solid;}<\/style>\n<div class=\"wp-block-kadence-spacer aligncenter kt-block-spacer-6380_6e9ad2-ce\"><div class=\"kt-block-spacer kt-block-spacer-halign-center\"><hr class=\"kt-divider\"\/><\/div><\/div>\n\n\n\n<p><\/p>\n\n\n\n<div style=\"height: 20px;\">&nbsp;<\/div>\n\n\n\n\n\n<p><a href=\"http:\/\/ccrcyclo.free.fr\/Dos2012\/Festivitee-2012\/anniversaire-80-ans-ccr\/index.html\"> <\/a><\/p>\n","protected":false},"excerpt":{"rendered":"<p>1945 &#8211; 2025 \ud83c\udf89 80 ans du Cyclo Club R\u00e9mois Anniversaire c\u00e9l\u00e9br\u00e9 le 7 avril 2012 Message d&rsquo;Yvon H \u00abMieux vaut tard que jamais\u00bb\u2026 Enfin, l\u00e0 \u00e7a fait tr\u00e8s tard c&rsquo;est vrai\u2026 Lors des 80 ans du CCR (le 7 avril 2012) j&rsquo;avais pris quelques vid\u00e9os de cette belle journ\u00e9e d&rsquo;anniversaire. Restait \u00e0 mettre \u00e7a&#8230;<\/p>\n","protected":false},"author":3,"featured_media":0,"parent":6368,"menu_order":3,"comment_status":"closed","ping_status":"closed","template":"","meta":{"_acf_changed":false,"inline_featured_image":false,"ngg_post_thumbnail":0,"_kad_post_transparent":"","_kad_post_title":"","_kad_post_layout":"","_kad_post_sidebar_id":"","_kad_post_content_style":"","_kad_post_vertical_padding":"","_kad_post_feature":"","_kad_post_feature_position":"","_kad_post_header":false,"_kad_post_footer":false,"_kad_post_classname":"","footnotes":""},"folder":[],"class_list":["post-6380","page","type-page","status-publish","hentry"],"acf":[],"_links":{"self":[{"href":"https:\/\/cycloclubremois.com\/index.php\/wp-json\/wp\/v2\/pages\/6380","targetHints":{"allow":["GET"]}}],"collection":[{"href":"https:\/\/cycloclubremois.com\/index.php\/wp-json\/wp\/v2\/pages"}],"about":[{"href":"https:\/\/cycloclubremois.com\/index.php\/wp-json\/wp\/v2\/types\/page"}],"author":[{"embeddable":true,"href":"https:\/\/cycloclubremois.com\/index.php\/wp-json\/wp\/v2\/users\/3"}],"replies":[{"embeddable":true,"href":"https:\/\/cycloclubremois.com\/index.php\/wp-json\/wp\/v2\/comments?post=6380"}],"version-history":[{"count":18,"href":"https:\/\/cycloclubremois.com\/index.php\/wp-json\/wp\/v2\/pages\/6380\/revisions"}],"predecessor-version":[{"id":53007,"href":"https:\/\/cycloclubremois.com\/index.php\/wp-json\/wp\/v2\/pages\/6380\/revisions\/53007"}],"up":[{"embeddable":true,"href":"https:\/\/cycloclubremois.com\/index.php\/wp-json\/wp\/v2\/pages\/6368"}],"wp:attachment":[{"href":"https:\/\/cycloclubremois.com\/index.php\/wp-json\/wp\/v2\/media?parent=6380"}],"wp:term":[{"taxonomy":"folder","embeddable":true,"href":"https:\/\/cycloclubremois.com\/index.php\/wp-json\/wp\/v2\/folder?post=6380"}],"curies":[{"name":"wp","href":"https:\/\/api.w.org\/{rel}","templated":true}]}}