{"id":5181,"date":"2015-08-26T18:54:16","date_gmt":"2015-08-26T16:54:16","guid":{"rendered":"http:\/\/www.cycloclubremois.fr\/?page_id=5181"},"modified":"2021-01-04T17:18:35","modified_gmt":"2021-01-04T16:18:35","slug":"les-telechargements-joomeo","status":"publish","type":"page","link":"https:\/\/cycloclubremois.com\/index.php\/photos\/les-telechargements-joomeo\/","title":{"rendered":"Diaporama"},"content":{"rendered":"<h3>Retrouvez sur cette page tous les liens \u00ab JOOMEO \u00bb<br \/>\nen libre visualisation et t\u00e9l\u00e9chargement, concernant<br \/>\ncertaines activit\u00e9s du Cyclo Club R\u00e9mois.<\/h3>\n<p><span style=\"text-decoration: underline;\"><strong>T\u00e9l\u00e9chargement mode d\u2019emploi.<\/strong><\/span><br \/>\nDans le diaporama rep\u00e9rer la photo \u00e0 t\u00e9l\u00e9charger<br \/>\nNoter son num\u00e9ro (en haut \u00e0 droite)<br \/>\nCliquer sur l\u2019onglet \u00ab <strong>t\u00e9l\u00e9charger les fichiers du diaporama<\/strong>&nbsp;\u00bb (en haut \u00e0 droite)<br \/>\nDiviser le num\u00e9ro <strong>par 20<\/strong> ( nombre de photos par page)<br \/>\nDans le r\u00e9sultat obtenu le chiffre avant la virgule <strong>+ 1<\/strong> est le num\u00e9ro de la <strong>page<\/strong>.<br \/>\nLe choix des pages se fait en bas de l\u2019\u00e9cran.<br \/>\n<span style=\"text-decoration: underline;\"><strong>Exemple<\/strong><\/span> : N\u00b0 photo 234 divis\u00e9 par 20 = 11,70 donc page <strong>12<\/strong>.<br \/>\nIl ne reste plus qu\u2019\u00e0 trouver votre photo ( <strong>astuce<\/strong>) multiplier le nombre de <strong>deux chiffres<\/strong> apr\u00e8s la virgule par 0,2. Pour avoir sa position exacte sur la page, lire de&nbsp; gauche \u00e0 droite en partant du haut.<br \/>\n(dans notre exemple 70 x&nbsp; 0,2 = 14) la photo est donc la 14\u00e8me de la page.<\/p>\n<p><strong><span style=\"color: #993300;\"><a href=\"https:\/\/s.joomeo.com\/580ded864b600\"><span style=\"color: #993300;\">Palma Octobre 2016 (Merci \u00e0 Isabelle - Jean Paul - Francis- et Gigi).<\/span><\/a><\/span><\/strong><\/p>\n<p><a href=\"https:\/\/s.joomeo.com\/580ded864b600\" target=\"_blank\" rel=\"noopener\"><img loading=\"lazy\" decoding=\"async\" class=\"alignleft size-full wp-image-9923\" title=\"PALMA2\" src=\"http:\/\/www.cycloclubremois.fr\/wp-content\/uploads\/2015\/08\/PALMA2.jpg\" alt=\"\" width=\"200\" height=\"149\"><\/a><\/p>\n<p>&nbsp;<\/p>\n<p>&nbsp;<\/p>\n<p>&nbsp;<\/p>\n<p>&nbsp;<\/p>\n<p>&nbsp;<\/p>\n<p>&nbsp;<\/p>\n<p><strong><span style=\"color: #993300;\"><a href=\"https:\/\/s.joomeo.com\/576d5ac2deb6a\" target=\"_blank\" rel=\"noopener\"><span style=\"color: #993300;\">Le s\u00e9jour \u00e0 Royan Juin 2016<\/span><\/a><\/span><\/strong><\/p>\n<p>&nbsp;<\/p>\n<p><a href=\"https:\/\/s.joomeo.com\/576d5ac2deb6a\" target=\"_blank\" rel=\"noopener\"><img loading=\"lazy\" decoding=\"async\" class=\"alignleft size-full wp-image-9622\" title=\"350\" src=\"http:\/\/www.cycloclubremois.fr\/wp-content\/uploads\/2015\/08\/350.jpg\" alt=\"\" width=\"200\" height=\"150\"><\/a><\/p>\n<p>&nbsp;<\/p>\n<p>&nbsp;<\/p>\n<p>&nbsp;<\/p>\n<p>&nbsp;<\/p>\n<p>&nbsp;<\/p>\n<p>&nbsp;<\/p>\n<p>&nbsp;<\/p>\n<p><strong><span style=\"color: #993300;\">Le B.C.M.R 2015<\/span><\/strong><\/p>\n<p><a href=\"https:\/\/s.joomeo.com\/559538ea814e1\"><img loading=\"lazy\" decoding=\"async\" class=\"alignleft size-full wp-image-5303\" title=\"7\" src=\"http:\/\/www.cycloclubremois.fr\/wp-content\/uploads\/2015\/08\/7.jpg\" alt=\"\" width=\"200\" height=\"125\"><\/a><\/p>\n<p>&nbsp;<\/p>\n<p>&nbsp;<\/p>\n<p>&nbsp;<\/p>\n<p>&nbsp;<\/p>\n<p><span style=\"text-decoration: underline;\"><span style=\"color: #0000ff;\"><strong>Le C.C.R en Pologne Juillet 2015 ( 3 reportages )<\/strong><\/span><\/span><\/p>\n<p><a href=\"https:\/\/s.joomeo.com\/55b0f3016768e\"><img loading=\"lazy\" decoding=\"async\" class=\"alignnone size-full wp-image-5304\" title=\"4\" src=\"http:\/\/www.cycloclubremois.fr\/wp-content\/uploads\/2015\/08\/4.jpg\" alt=\"\" width=\"200\" height=\"116\"><\/a>&nbsp; <a href=\"https:\/\/s.joomeo.com\/55b89ef2a9251\"><img loading=\"lazy\" decoding=\"async\" class=\"alignnone size-full wp-image-5305\" title=\"5\" src=\"http:\/\/www.cycloclubremois.fr\/wp-content\/uploads\/2015\/08\/5.jpg\" alt=\"\" width=\"200\" height=\"133\">&nbsp;&nbsp; <\/a><a href=\"https:\/\/s.joomeo.com\/55d896cd98410\"><img loading=\"lazy\" decoding=\"async\" class=\"alignnone size-full wp-image-5309\" title=\"6\" src=\"http:\/\/www.cycloclubremois.fr\/wp-content\/uploads\/2015\/08\/6.jpg\" alt=\"\" width=\"200\" height=\"132\"><\/a><\/p>\n<p>&nbsp;<\/p>\n<p>&nbsp;<\/p>\n<p>&nbsp;<\/p>\n<p>&nbsp;<\/p>\n<p>&nbsp;<\/p>\n<p>&nbsp;<\/p>\n<p>&nbsp;<\/p>\n","protected":false},"excerpt":{"rendered":"<p>Retrouvez sur cette page tous les liens \u00ab JOOMEO \u00bb en libre visualisation et t\u00e9l\u00e9chargement, concernant certaines activit\u00e9s du Cyclo Club R\u00e9mois. T\u00e9l\u00e9chargement mode d\u2019emploi. Dans le diaporama rep\u00e9rer la photo \u00e0 t\u00e9l\u00e9charger Noter son num\u00e9ro (en haut \u00e0 droite) Cliquer sur l\u2019onglet \u00ab t\u00e9l\u00e9charger les fichiers du diaporama&nbsp;\u00bb (en haut \u00e0 droite) Diviser le&#8230;<\/p>\n","protected":false},"author":4,"featured_media":0,"parent":6337,"menu_order":21,"comment_status":"closed","ping_status":"closed","template":"onecolumn-page.php","meta":{"_acf_changed":false,"inline_featured_image":false,"ngg_post_thumbnail":0,"_kad_post_transparent":"","_kad_post_title":"","_kad_post_layout":"","_kad_post_sidebar_id":"","_kad_post_content_style":"","_kad_post_vertical_padding":"","_kad_post_feature":"","_kad_post_feature_position":"","_kad_post_header":false,"_kad_post_footer":false,"_kad_post_classname":"","footnotes":""},"folder":[],"class_list":["post-5181","page","type-page","status-publish","hentry"],"acf":[],"_links":{"self":[{"href":"https:\/\/cycloclubremois.com\/index.php\/wp-json\/wp\/v2\/pages\/5181","targetHints":{"allow":["GET"]}}],"collection":[{"href":"https:\/\/cycloclubremois.com\/index.php\/wp-json\/wp\/v2\/pages"}],"about":[{"href":"https:\/\/cycloclubremois.com\/index.php\/wp-json\/wp\/v2\/types\/page"}],"author":[{"embeddable":true,"href":"https:\/\/cycloclubremois.com\/index.php\/wp-json\/wp\/v2\/users\/4"}],"replies":[{"embeddable":true,"href":"https:\/\/cycloclubremois.com\/index.php\/wp-json\/wp\/v2\/comments?post=5181"}],"version-history":[{"count":1,"href":"https:\/\/cycloclubremois.com\/index.php\/wp-json\/wp\/v2\/pages\/5181\/revisions"}],"predecessor-version":[{"id":14752,"href":"https:\/\/cycloclubremois.com\/index.php\/wp-json\/wp\/v2\/pages\/5181\/revisions\/14752"}],"up":[{"embeddable":true,"href":"https:\/\/cycloclubremois.com\/index.php\/wp-json\/wp\/v2\/pages\/6337"}],"wp:attachment":[{"href":"https:\/\/cycloclubremois.com\/index.php\/wp-json\/wp\/v2\/media?parent=5181"}],"wp:term":[{"taxonomy":"folder","embeddable":true,"href":"https:\/\/cycloclubremois.com\/index.php\/wp-json\/wp\/v2\/folder?post=5181"}],"curies":[{"name":"wp","href":"https:\/\/api.w.org\/{rel}","templated":true}]}}