{"id":49955,"date":"2026-02-08T15:34:38","date_gmt":"2026-02-08T14:34:38","guid":{"rendered":"https:\/\/cycloclubremois.com\/?page_id=49955"},"modified":"2026-02-26T16:03:17","modified_gmt":"2026-02-26T15:03:17","slug":"le-bcmr-2026","status":"publish","type":"page","link":"https:\/\/cycloclubremois.com\/index.php\/le-bcmr-2026\/","title":{"rendered":"Le BCMR 2026"},"content":{"rendered":"\n\n\n<div style=\"position: fixed; bottom: 30px; right: 30px; z-index: 9999;\"><a style=\"display: block; width: 45px; height: 45px; background-color: #e74c3c; color: white; border-radius: 50%; text-align: center; line-height: 45px; text-decoration: none; font-size: 20px; box-shadow: 0 2px 5px rgba(0, 0, 0, 0.3); font-weight: bold; transition: all 0.3s ease;\" href=\"#top-page\">\u2191<\/a><\/div>\n\n\n\n<p><!-- Ancre en haut de page (\u00e0 placer tout en haut de ta page) --><\/p>\n\n\n\n<div id=\"top-page\">&nbsp;<\/div>\n\n\n\n<p><style>\n        body {<br \/>            font-family: Arial, sans-serif;<br \/>            margin: 0;<br \/>            padding: 0;<br \/>            background-color: #f4f4f4;<br \/>        }<br \/>        .container {<br \/>            max-width: 800px;<br \/>            margin: 20px auto;<br \/>            background-color: white;<br \/>            padding: 20px;<br \/>            border-radius: 10px;<br \/>            box-shadow: 0 0 10px rgba(0, 0, 0, 0.1);<br \/>        }<br \/>        h1 {<br \/>            color: #333;<br \/>            text-align: center;<br \/>        }<br \/>        h2 {<br \/>            color: #666;<br \/>            text-align: center;<br \/>        }<br \/>        .date-lieu {<br \/>            text-align: center;<br \/>            margin: 20px 0;<br \/>        }<br \/>        .details {<br \/>            margin: 20px 0;<br \/>            text-align: center;<br \/>        }<br \/>        .image-container {<br \/>            text-align: center;<br \/>            margin: 20px 0;<br \/>        }<br \/>        .image-container img {<br \/>            max-width: 100%;<br \/>            height: auto;<br \/>        }<br \/>    <\/style><\/p>\n\n\n\n<p>&nbsp;<\/p>\n\n\n\n<div class=\"container\">\n<div style=\"max-width: 280px; margin: 0 auto 20px 0; font-family: 'Segoe UI', Tahoma, Geneva, Verdana, sans-serif; background: white; border-radius: 8px; box-shadow: 0 2px 4px rgba(0, 0, 0, 0.1); padding: 5px; border-left: 3px solid #3498db;\">\n<p><!-- Le reste du code du menu d\u00e9roulant compact --><\/p>\n<details style=\"margin: 0; padding: 0;\">\n<summary style=\"cursor: pointer; color: #3498db; font-weight: 500; padding: 8px 10px; border-radius: 4px; background-color: #f8fcff; display: flex; align-items: center; gap: 8px;\">\u2630 Aller \u00e0 une section<\/summary>\n<p><!-- Les liens du menu --><\/p>\n<div style=\"margin: 5px 0 0 0; border-radius: 4px; background-color: #f8fcff; padding: 5px;\"><a style=\"display: block; color: #3498db; text-decoration: none; padding: 6px 10px; margin: 2px 0; border-radius: 4px; font-size: 14px;\" href=\"#Presentation\">Pr\u00e9sentation<\/a><br><a style=\"display: block; color: #3498db; text-decoration: none; padding: 6px 10px; margin: 2px 0; border-radius: 4px; font-size: 14px;\" href=\"#infos\">Informations utiles<\/a><br><a style=\"display: block; color: #3498db; text-decoration: none; padding: 6px 10px; margin: 2px 0; border-radius: 4px; font-size: 14px;\" href=\"#tarifs\">Les tarifs<\/a><br><a style=\"display: block; color: #3498db; text-decoration: none; padding: 6px 10px; margin: 2px 0; border-radius: 4px; font-size: 14px;\" href=\"#parcourscyclo\">Les parcours cyclos<\/a><br><a style=\"display: block; color: #3498db; text-decoration: none; padding: 6px 10px; margin: 2px 0; border-radius: 4px; font-size: 14px;\" href=\"#parcoursmarche\">Le parcours Marche<\/a><br><a style=\"display: block; color: #3498db; text-decoration: none; padding: 6px 10px; margin: 2px 0; border-radius: 4px; font-size: 14px;\" href=\"#inscription\">Modalit\u00e9s d'inscription<\/a><\/div>\n<\/details><\/div>\n<div id=\"Presentation\">&nbsp;<\/div>\n<p>Le Cyclo Club R\u00e9mois sera heureux de vous accueillir le 28 juin 2026 pour la 67\u00e8me \u00e9dition de son traditionnel<\/p>\n<h2>Brevet Cyclotouriste de la Montagne de Reims (B.C.M.R)<\/h2>\n<div class=\"details\">\n<p>\ud83d\udeb4 Ouvert \u00e0 toutes et \u00e0 tous - Licenci\u00e9s ou non<\/p>\n<p>\ud83c\udf3f Parcours : \u00c0 travers le parc naturel de la montagne de Reims \u00e0 la d\u00e9couverte des paysages et du vignoble champenois class\u00e9 au patrimoine mondial de l'UNESCO<\/p>\n<p>\ud83c\udf04 Plusieurs parcours au choix accessibles \u00e0 toutes et \u00e0 tous<\/p>\n<p>\ud83e\udd1d Accueil : Nos b\u00e9n\u00e9voles vous accueilleront chaleureusement \u00e0 Champfleury ainsi que sur les diff\u00e9rents contr\u00f4les<\/p>\n<p>\ud83d\udcac Venez vite, on vous attend !<\/p>\n<\/div>\n<div class=\"image-container\">\n<p>\ud83d\udeb4 Brevet Cyclotouriste de la Montagne de Reims<\/p>\n<\/div>\n<\/div>\n\n\n\n<p>&nbsp;<\/p>\n\n\n\n<div id=\"infos\">&nbsp;<\/div>\n\n\n\n<h1 class=\"wp-block-heading\">Les informations utiles<\/h1>\n\n\n\n<p>\u00a0<style><br>        body {&lt;br \/>            font-family: Arial, sans-serif;&lt;br \/>            margin: 0;&lt;br \/>            padding: 0;&lt;br \/>            background-color: #f4f4f4;&lt;br \/>            color: #333;&lt;br \/>        }&lt;br \/>        .container {&lt;br \/>            max-width: 800px;&lt;br \/>            margin: 20px auto;&lt;br \/>            background-color: white;&lt;br \/>            padding: 20px;&lt;br \/>            border-radius: 10px;&lt;br \/>            box-shadow: 0 0 10px rgba(0, 0, 0, 0.1);&lt;br \/>        }&lt;br \/>        h1 {&lt;br \/>            color: #333;&lt;br \/>            text-align: center;&lt;br \/>        }&lt;br \/>        h2 {&lt;br \/>            color: #666;&lt;br \/>            text-align: center;&lt;br \/>        }&lt;br \/>        .date-lieu {&lt;br \/>            text-align: center;&lt;br \/>            margin: 20px 0;&lt;br \/>        }&lt;br \/>        .details {&lt;br \/>            margin: 20px 0;&lt;br \/>            text-align: center;&lt;br \/>        }&lt;br \/>        .image-container {&lt;br \/>            text-align: center;&lt;br \/>            margin: 20px 0;&lt;br \/>        }&lt;br \/>        .image-container img {&lt;br \/>            max-width: 100%;&lt;br \/>            height: auto;&lt;br \/>            border-radius: 10px;&lt;br \/>        }&lt;br \/>        table {&lt;br \/>            width: 100%;&lt;br \/>            border-collapse: collapse;&lt;br \/>            margin: 20px 0;&lt;br \/>        }&lt;br \/>        table, th, td {&lt;br \/>            border: 1px solid #ddd;&lt;br \/>        }&lt;br \/>        th, td {&lt;br \/>            padding: 10px;&lt;br \/>            text-align: center;&lt;br \/>        }&lt;br \/>        th {&lt;br \/>            background-color: #f2f2f2;&lt;br \/>        }&lt;br \/>    <\/style><\/p>\n\n\n\n<p>&nbsp;<\/p>\n\n\n<div class=\"container\">\n<h3>Brevet Cyclotouriste de la Montagne de Reims (B.C.M.R)<\/h3>\n<div class=\"date-lieu\">\n<p>\ud83d\udcc5 Date : 28 juin 2026<\/p>\n<p>\u23f0 Heure : \u00c0 partir de 6h<\/p>\n<p>\ud83d\udccd Lieu de d\u00e9part : Foyer Rural, 7 Rue des Marronniers, 51500 Champfleury<\/p>\n<p><iframe loading=\"lazy\" style=\"border: 0;\" src=\"https:\/\/www.google.com\/maps\/embed?pb=!1m18!1m12!1m3!1d20858.003860566496!2d4.018106058901445!3d49.195807677224266!2m3!1f0!2f0!3f0!3m2!1i1024!2i768!4f13.1!3m3!1m2!1s0x47e9737dd54d5d5d%3A0xf18dd359c8512dc7!2sFoyer%20rural!5e0!3m2!1sfr!2sfr!4v1770665301827!5m2!1sfr!2sfr\" width=\"600\" height=\"450\" allowfullscreen=\"allowfullscreen\"><\/iframe><\/p>\n<p>Coordonn\u00e9es gpx<br>49.19958148474708, 4.019379681303112<\/p>\n<\/div>\n<figure><img decoding=\"async\" src=\"https:\/\/www.google.com\/maps\/embed?pb=!1m18!1m12!1m3!1d2611.5!2d4.1234!3d49.1234!2m3!1f0!2f0!3f0!3m2!1i1024!2i768!4f13.1!3m3!1m2!1s0x0%3A0x0!2sFoyer%20Rural%2C%2051500%20Champfleury!5e0!3m2!1sfr!2sfr!4v1234567890123\" alt=\"\"><\/figure>\n<div class=\"image-container\">&nbsp;<\/div>\n<div id=\"tarifs\">&nbsp;<\/div>\n<h2>Tarifs<\/h2>\n<\/div>\n\n","protected":false},"excerpt":{"rendered":"<p>\u2191 &nbsp; &nbsp; \u2630 Aller \u00e0 une section Pr\u00e9sentationInformations utilesLes tarifsLes parcours cyclosLe parcours MarcheModalit\u00e9s d&rsquo;inscription &nbsp; Le Cyclo Club R\u00e9mois sera heureux de vous accueillir le 28 juin 2026 pour la 67\u00e8me \u00e9dition de son traditionnel Brevet Cyclotouriste de la Montagne de Reims (B.C.M.R) \ud83d\udeb4 Ouvert \u00e0 toutes et \u00e0 tous &#8211; Licenci\u00e9s ou&#8230;<\/p>\n","protected":false},"author":1,"featured_media":0,"parent":0,"menu_order":0,"comment_status":"closed","ping_status":"closed","template":"onecolumn-page.php","meta":{"_acf_changed":false,"inline_featured_image":false,"ngg_post_thumbnail":0,"_kad_post_transparent":"","_kad_post_title":"","_kad_post_layout":"","_kad_post_sidebar_id":"","_kad_post_content_style":"","_kad_post_vertical_padding":"","_kad_post_feature":"","_kad_post_feature_position":"","_kad_post_header":false,"_kad_post_footer":false,"_kad_post_classname":"","footnotes":""},"folder":[],"class_list":["post-49955","page","type-page","status-publish","hentry"],"acf":[],"_links":{"self":[{"href":"https:\/\/cycloclubremois.com\/index.php\/wp-json\/wp\/v2\/pages\/49955","targetHints":{"allow":["GET"]}}],"collection":[{"href":"https:\/\/cycloclubremois.com\/index.php\/wp-json\/wp\/v2\/pages"}],"about":[{"href":"https:\/\/cycloclubremois.com\/index.php\/wp-json\/wp\/v2\/types\/page"}],"author":[{"embeddable":true,"href":"https:\/\/cycloclubremois.com\/index.php\/wp-json\/wp\/v2\/users\/1"}],"replies":[{"embeddable":true,"href":"https:\/\/cycloclubremois.com\/index.php\/wp-json\/wp\/v2\/comments?post=49955"}],"version-history":[{"count":244,"href":"https:\/\/cycloclubremois.com\/index.php\/wp-json\/wp\/v2\/pages\/49955\/revisions"}],"predecessor-version":[{"id":50998,"href":"https:\/\/cycloclubremois.com\/index.php\/wp-json\/wp\/v2\/pages\/49955\/revisions\/50998"}],"wp:attachment":[{"href":"https:\/\/cycloclubremois.com\/index.php\/wp-json\/wp\/v2\/media?parent=49955"}],"wp:term":[{"taxonomy":"folder","embeddable":true,"href":"https:\/\/cycloclubremois.com\/index.php\/wp-json\/wp\/v2\/folder?post=49955"}],"curies":[{"name":"wp","href":"https:\/\/api.w.org\/{rel}","templated":true}]}}