{"id":48667,"date":"2025-12-17T15:14:51","date_gmt":"2025-12-17T14:14:51","guid":{"rendered":"https:\/\/cycloclubremois.com\/?page_id=48667"},"modified":"2026-03-07T17:40:52","modified_gmt":"2026-03-07T16:40:52","slug":"informations-utiles","status":"publish","type":"page","link":"https:\/\/cycloclubremois.com\/index.php\/informations-utiles\/","title":{"rendered":"Informations utiles"},"content":{"rendered":"\n<p><\/p>\n\n\n\n<div style=\"position: fixed; bottom: 30px; right: 30px; z-index: 9999;\"><a style=\"display: block; width: 45px; height: 45px; background-color: #e74c3c; color: white; border-radius: 50%; text-align: center; line-height: 45px; text-decoration: none; font-size: 20px; box-shadow: 0 2px 5px rgba(0, 0, 0, 0.3); font-weight: bold; transition: all 0.3s ease;\" href=\"#top-page\">\u2191<\/a><\/div>\n<!-- Ancre en haut de page (\u00e0 placer tout en haut de ta page) -->\n<div id=\"top-page\">&nbsp;<\/div>\n\n\n\n<!-- ================================================\n     MENU NAVIGATION REPLIABLE - HTML + JAVASCRIPT\n     ================================================ -->\n\n<!-- MENU -->\n<div class=\"navigation-sections\" id=\"menuNavigation\">\n    \n    <!-- TITRE CLIQUABLE -->\n    <div class=\"navigation-titre\" onclick=\"toggleMenu()\">\n        <span>\n            <span class=\"navigation-icone\">\u2630<\/span>\n            Aller \u00e0 une section\n        <\/span>\n        <span class=\"navigation-fleche\">\u25bc<\/span>\n    <\/div>\n    \n    <!-- LISTE DES LIENS (cach\u00e9e par d\u00e9faut) -->\n    <div class=\"navigation-liste\">\n        \n        <a href=\"#siege\" class=\"navigation-lien\">\n            <span class=\"navigation-lien-icone\">\ud83c\udf0e<\/span>\n            Si\u00e8ge social\n        <\/a>\n        \n        <a href=\"#permanences\" class=\"navigation-lien\">\n            <span class=\"navigation-lien-icone\">\ud83d\udcc5<\/span>\n            Jours de permanence\n        <\/a>\n        \n        <a href=\"#contact\" class=\"navigation-lien\">\n            <span class=\"navigation-lien-icone\">\ud83d\udccb<\/span>\n            Nous contacter\n        <\/a>\n        \n        <a href=\"#reseaux\" class=\"navigation-lien\">\n            <span class=\"navigation-lien-icone\">\ud83d\udc65<\/span>\n            Nos r\u00e9seaux sociaux\n        <\/a>\n        \n        <a href=\"#rejoindre\" class=\"navigation-lien\">\n            <span class=\"navigation-lien-icone\">\ud83e\udd1d<\/span>\n            Nous rejoindre\n        <\/a>\n<a href=\"#presidents\" class=\"navigation-lien\">\n            <span class=\"navigation-lien-icone\">\ud83d\udeb4\u200d\u2642\ufe0f<\/span>\n            Liste des pr\u00e9sidents du CCR \n        <\/a>\n        \n    <\/div>\n    \n<\/div>\n\n<!-- JAVASCRIPT -->\n<script>\n\/\/ Fonction pour ouvrir\/fermer le menu\nfunction toggleMenu() {\n    const menu = document.getElementById('menuNavigation');\n    menu.classList.toggle('ouvert');\n}\n\n\/\/ Optionnel : fermer automatiquement quand on clique sur un lien\ndocument.querySelectorAll('.navigation-lien').forEach(lien => {\n    lien.addEventListener('click', function() {\n        document.getElementById('menuNavigation').classList.remove('ouvert');\n    });\n});\n<\/script>\n\n\n<style>.wp-block-kadence-spacer.kt-block-spacer-48667_114253-56 .kt-block-spacer{height:60px;}.wp-block-kadence-spacer.kt-block-spacer-48667_114253-56 .kt-divider{border-top-width:1px;height:1px;border-top-color:#eee;width:80%;border-top-style:solid;}<\/style>\n<div class=\"wp-block-kadence-spacer aligncenter kt-block-spacer-48667_114253-56\"><div class=\"kt-block-spacer kt-block-spacer-halign-center\"><hr class=\"kt-divider\"\/><\/div><\/div>\n\n\n\n<div id=\"siege\">&nbsp;<\/div>\n\n\n\n<div class=\"bloc-siege\">\n<div class=\"siege-icon\">\ud83c\udfe2<\/div>\n<div class=\"siege-content\">\n<h3>Si\u00e8ge Social<\/h3>\n<p class=\"siege-adresse\">53 esplanade Fl\u00e9chambault<br>51100 Reims<\/p>\n<\/div>\n<\/div>\n\n\n<style>.wp-block-kadence-spacer.kt-block-spacer-48667_a81805-14 .kt-block-spacer{height:60px;}.wp-block-kadence-spacer.kt-block-spacer-48667_a81805-14 .kt-divider{border-top-width:1px;height:1px;border-top-color:#eee;width:80%;border-top-style:solid;}<\/style>\n<div class=\"wp-block-kadence-spacer aligncenter kt-block-spacer-48667_a81805-14\"><div class=\"kt-block-spacer kt-block-spacer-halign-center\"><hr class=\"kt-divider\"\/><\/div><\/div>\n\n\n\n<div id=\"permanences\">&nbsp;<\/div>\n\n\n\n<div class=\"bloc-permanences\">\n<h3>Jours de Permanence<\/h3>\n<div class=\"horaires-box\"><strong>\u23f0 Horaires : 17h00 \u2013 18h30<\/strong><\/div>\n<p>Les permanences ont lieu tous les <strong>samedis<\/strong> des mois de :<\/p>\n<ul class=\"mois-list\">\n<li>\ud83d\udcc5 D\u00e9cembre, janvier, f\u00e9vrier, mars et avril<\/li>\n<li>\ud83d\udcc5 Le premier et troisi\u00e8me samedi des mois de mai, juin, septembre, octobre et novembre<\/li>\n<\/ul>\n<div class=\"alerte-permanence\"><strong>\u26a0\ufe0f Pas de permanence en juillet et en ao\u00fbt.<\/strong><\/div>\n<p style=\"margin-top: 20px; color: #555;\">Pendant ces permanences, vous pouvez venir nous rencontrer au si\u00e8ge social pour toute question concernant le club, les inscriptions, ou les \u00e9v\u00e9nements \u00e0 venir.<\/p>\n<\/div>\n\n\n<style>.wp-block-kadence-spacer.kt-block-spacer-48667_76acc4-c2 .kt-block-spacer{height:60px;}.wp-block-kadence-spacer.kt-block-spacer-48667_76acc4-c2 .kt-divider{border-top-width:1px;height:1px;border-top-color:#eee;width:80%;border-top-style:solid;}<\/style>\n<div class=\"wp-block-kadence-spacer aligncenter kt-block-spacer-48667_76acc4-c2\"><div class=\"kt-block-spacer kt-block-spacer-halign-center\"><hr class=\"kt-divider\"\/><\/div><\/div>\n\n\n\n<div id=\"contact\">&nbsp;<\/div>\n\n\n\n<div class=\"bloc-contact-ccr\">\n<h3>Nous Contacter<\/h3>\n<div class=\"contact-grid\">\n<p><!-- T\u00e9l\u00e9phone --><\/p>\n<div class=\"contact-item\">\n<div class=\"contact-icon\">\ud83d\udcde<\/div>\n<div class=\"contact-info\">\n<div class=\"contact-label\">T\u00e9l\u00e9phone<\/div>\n<div class=\"contact-value\"><a href=\"tel:0967765315\">09 67 76 53 15<\/a><\/div>\n<\/div>\n<\/div>\n<p><!-- Email --><\/p>\n<div class=\"contact-item\">\n<div class=\"contact-icon\">\ud83d\udce7<\/div>\n<div class=\"contact-info\">\n<div class=\"contact-label\">Email<\/div>\n<div class=\"contact-value\"><a href=\"mailto:cycloclubremois@orange.fr\">cycloclubremois@orange.fr<\/a><\/div>\n<\/div>\n<\/div>\n<p><!-- Site Web --><\/p>\n<div class=\"contact-item\">\n<div class=\"contact-icon\">\ud83c\udf10<\/div>\n<div class=\"contact-info\">\n<div class=\"contact-label\">Site Web<\/div>\n<div class=\"contact-value\"><a href=\"https:\/\/cycloclubremois.com\">cycloclubremois.com<\/a><\/div>\n<\/div>\n<\/div>\n<\/div>\n<\/div>\n\n\n<style>.wp-block-kadence-spacer.kt-block-spacer-48667_ae719d-ba .kt-block-spacer{height:60px;}.wp-block-kadence-spacer.kt-block-spacer-48667_ae719d-ba .kt-divider{border-top-width:1px;height:1px;border-top-color:#eee;width:80%;border-top-style:solid;}<\/style>\n<div class=\"wp-block-kadence-spacer aligncenter kt-block-spacer-48667_ae719d-ba\"><div class=\"kt-block-spacer kt-block-spacer-halign-center\"><hr class=\"kt-divider\"\/><\/div><\/div>\n\n\n\n<div id=\"reseaux\">&nbsp;<\/div>\n\n\n\n<!-- 4. BLOC R\u00c9SEAUX SOCIAUX -->\n<div class=\"bloc-reseaux\">\n    <h3>Nos r\u00e9seaux sociaux<\/h3>\n    \n    <div class=\"reseaux-grid\">\n        \n        <!-- Facebook -->\n        <a href=\"https:\/\/www.facebook.com\/CycloClubRemois\" class=\"reseau-card facebook\" target=\"_blank\">\n            <div class=\"reseau-icon\">\ud83d\udcd8<\/div>\n            <div class=\"reseau-nom\">Facebook<\/div>\n            <div class=\"reseau-handle\">Cyclo Club R\u00e9mois<\/div>\n        <\/a>\n        \n        <!-- Instagram -->\n        <a href=\"https:\/\/www.instagram.com\/cycloclubremois\" class=\"reseau-card instagram\" target=\"_blank\">\n            <div class=\"reseau-icon\">\ud83d\udcf7<\/div>\n            <div class=\"reseau-nom\">Instagram<\/div>\n            <div class=\"reseau-handle\">@cycloclubremois<\/div>\n        <\/a>\n        \n        <!-- Strava -->\n        <a href=\"https:\/\/www.strava.com\/clubs\/154396\" class=\"reseau-card strava\" target=\"_blank\">\n            <div class=\"reseau-icon\">\ud83c\udfc3<\/div>\n            <div class=\"reseau-nom\">Strava<\/div>\n            <div class=\"reseau-handle\">Cyclo Club R\u00e9mois<\/div>\n        <\/a>\n        \n    <\/div>\n<\/div>\n\n\n<style>.wp-block-kadence-spacer.kt-block-spacer-48667_39ca07-0e .kt-block-spacer{height:60px;}.wp-block-kadence-spacer.kt-block-spacer-48667_39ca07-0e .kt-divider{border-top-width:1px;height:1px;border-top-color:#eee;width:80%;border-top-style:solid;}<\/style>\n<div class=\"wp-block-kadence-spacer aligncenter kt-block-spacer-48667_39ca07-0e\"><div class=\"kt-block-spacer kt-block-spacer-halign-center\"><hr class=\"kt-divider\"\/><\/div><\/div>\n\n\n\n<div id=\"rejoindre\">&nbsp;<\/div>\n\n\n\n<div class=\"bloc-helloasso-infos\">\n<h3>\ud83e\udd1d Nous rejoindre<\/h3>\n<p>Pour nous rejoindre, renouveler votre licence, participer \u00e0 nos sorties en \u00e9tant licenci\u00e9 et \u00e0 tous ceux qui ne pratiquent pas le cyclotourisme et d\u00e9sirent accompagner un ami adh\u00e9rent de notre club.<\/p>\n<p><a class=\"btn-helloasso-grand\" href=\"https:\/\/www.helloasso.com\/associations\/cyclo-club-remois\" target=\"_blank\" rel=\"noopener\"><br>\ud83d\udc9b S'inscrire sur HelloAsso<br><\/a><\/p>\n<\/div>\n\n\n<style>.wp-block-kadence-spacer.kt-block-spacer-48667_3b4c11-b6 .kt-block-spacer{height:60px;}.wp-block-kadence-spacer.kt-block-spacer-48667_3b4c11-b6 .kt-divider{border-top-width:1px;height:1px;border-top-color:#eee;width:80%;border-top-style:solid;}<\/style>\n<div class=\"wp-block-kadence-spacer aligncenter kt-block-spacer-48667_3b4c11-b6\"><div class=\"kt-block-spacer kt-block-spacer-halign-center\"><hr class=\"kt-divider\"\/><\/div><\/div>\n\n\n\n<div id=\"presidents\">&nbsp;<\/div>\n\n\n\n<div class=\"timeline-presidents\">\n<h3>Historique des Pr\u00e9sidents<\/h3>\n<p style=\"margin-bottom: 30px; color: #555;\">Le Cyclo Club R\u00e9mois est n\u00e9 en <strong>1932<\/strong> sous la pr\u00e9sidence de Monsieur FRAN\u00c7OIS. Voici la liste compl\u00e8te des pr\u00e9sidents qui se sont succ\u00e9d\u00e9s :<\/p>\n<div class=\"timeline-container\">\n<div class=\"timeline-item\">\n<div class=\"timeline-date\">1932 - 1945<\/div>\n<div class=\"timeline-nom\">Monsieur FRAN\u00c7OIS<\/div>\n<\/div>\n<div class=\"timeline-item\">\n<div class=\"timeline-date\">1945 - 1950<\/div>\n<div class=\"timeline-nom\">Monsieur ALTERMEYER<\/div>\n<\/div>\n<div class=\"timeline-item\">\n<div class=\"timeline-date\">1950 - 1974<\/div>\n<div class=\"timeline-nom\">Jacques LOCHET (dit Loloche)<\/div>\n<\/div>\n<div class=\"timeline-item\">\n<div class=\"timeline-date\">1974 - 1975<\/div>\n<div class=\"timeline-nom\">Marcel HANESSE<\/div>\n<\/div>\n<div class=\"timeline-item\">\n<div class=\"timeline-date\">1976<\/div>\n<div class=\"timeline-nom\">Jean Claude G\u00c9RARD<\/div>\n<\/div>\n<div class=\"timeline-item\">\n<div class=\"timeline-date\">1977 - 1982<\/div>\n<div class=\"timeline-nom\">Fabien DUTERQUE<\/div>\n<\/div>\n<div class=\"timeline-item\">\n<div class=\"timeline-date\">1983<\/div>\n<div class=\"timeline-nom\">Pierre KOENIG<\/div>\n<\/div>\n<div class=\"timeline-item\">\n<div class=\"timeline-date\">1984 - 1988<\/div>\n<div class=\"timeline-nom\">Jackie DELPORTE<\/div>\n<\/div>\n<div class=\"timeline-item\">\n<div class=\"timeline-date\">1989 - 1992<\/div>\n<div class=\"timeline-nom\">Yvon TOURAIS<\/div>\n<\/div>\n<div class=\"timeline-item\">\n<div class=\"timeline-date\">1993 - 1995<\/div>\n<div class=\"timeline-nom\">Jacques LIEBENS<\/div>\n<\/div>\n<div class=\"timeline-item\">\n<div class=\"timeline-date\">1996 - 2003<\/div>\n<div class=\"timeline-nom\">Robert MILLET<\/div>\n<\/div>\n<div class=\"timeline-item\">\n<div class=\"timeline-date\">2004 - 2011<\/div>\n<div class=\"timeline-nom\">Pierre BARDIAUX<\/div>\n<\/div>\n<div class=\"timeline-item\">\n<div class=\"timeline-date\">2012 - 2014<\/div>\n<div class=\"timeline-nom\">Jean-Claude DUSEHU<\/div>\n<\/div>\n<div class=\"timeline-item\">\n<div class=\"timeline-date\">2015 - 2023<\/div>\n<div class=\"timeline-nom\">Florian KOWALSKI<\/div>\n<\/div>\n<div class=\"timeline-item\">\n<div class=\"timeline-date\">2024 - Aujourd'hui<\/div>\n<div class=\"timeline-nom\">Didier LONGUET<\/div>\n<\/div>\n<\/div>\n<\/div>\n\n\n<style>.wp-block-kadence-spacer.kt-block-spacer-48667_36e45d-38 .kt-block-spacer{height:60px;}.wp-block-kadence-spacer.kt-block-spacer-48667_36e45d-38 .kt-divider{border-top-width:1px;height:1px;border-top-color:#eee;width:80%;border-top-style:solid;}<\/style>\n<div class=\"wp-block-kadence-spacer aligncenter kt-block-spacer-48667_36e45d-38\"><div class=\"kt-block-spacer kt-block-spacer-halign-center\"><hr class=\"kt-divider\"\/><\/div><\/div>\n\n\n\n<figure class=\"wp-block-image size-large\"><img decoding=\"async\" src=\"https:\/\/cycloclubremois.com\/wp-content\/gallery\/abbaye-orval-07-09-24\/0.1.jpg\" alt=\"\"\/><\/figure>\n\n\n\n<div style=\"position: fixed; bottom: 30px; right: 30px; z-index: 9999;\"><a style=\"display: block; width: 45px; height: 45px; background-color: #e74c3c; color: white; border-radius: 50%; text-align: center; line-height: 45px; text-decoration: none; font-size: 20px; box-shadow: 0 2px 5px rgba(0, 0, 0, 0.3); font-weight: bold; transition: all 0.3s ease;\" href=\"#top-page\">\u2191<\/a><\/div>\n\n\n\n<p><\/p>\n","protected":false},"excerpt":{"rendered":"<p>\u2191 &nbsp; \u2630 Aller \u00e0 une section \u25bc \ud83c\udf0e Si\u00e8ge social \ud83d\udcc5 Jours de permanence \ud83d\udccb Nous contacter \ud83d\udc65 Nos r\u00e9seaux sociaux \ud83e\udd1d Nous rejoindre \ud83d\udeb4\u200d\u2642\ufe0f Liste des pr\u00e9sidents du CCR &nbsp; \ud83c\udfe2 Si\u00e8ge Social 53 esplanade Fl\u00e9chambault51100 Reims &nbsp; Jours de Permanence \u23f0 Horaires : 17h00 \u2013 18h30 Les permanences ont lieu tous les&#8230;<\/p>\n","protected":false},"author":1,"featured_media":0,"parent":0,"menu_order":0,"comment_status":"closed","ping_status":"closed","template":"onecolumn-page.php","meta":{"_acf_changed":false,"inline_featured_image":false,"ngg_post_thumbnail":0,"_kad_post_transparent":"","_kad_post_title":"","_kad_post_layout":"","_kad_post_sidebar_id":"","_kad_post_content_style":"","_kad_post_vertical_padding":"","_kad_post_feature":"","_kad_post_feature_position":"","_kad_post_header":false,"_kad_post_footer":false,"_kad_post_classname":"","footnotes":""},"folder":[],"class_list":["post-48667","page","type-page","status-publish","hentry"],"acf":[],"_links":{"self":[{"href":"https:\/\/cycloclubremois.com\/index.php\/wp-json\/wp\/v2\/pages\/48667","targetHints":{"allow":["GET"]}}],"collection":[{"href":"https:\/\/cycloclubremois.com\/index.php\/wp-json\/wp\/v2\/pages"}],"about":[{"href":"https:\/\/cycloclubremois.com\/index.php\/wp-json\/wp\/v2\/types\/page"}],"author":[{"embeddable":true,"href":"https:\/\/cycloclubremois.com\/index.php\/wp-json\/wp\/v2\/users\/1"}],"replies":[{"embeddable":true,"href":"https:\/\/cycloclubremois.com\/index.php\/wp-json\/wp\/v2\/comments?post=48667"}],"version-history":[{"count":76,"href":"https:\/\/cycloclubremois.com\/index.php\/wp-json\/wp\/v2\/pages\/48667\/revisions"}],"predecessor-version":[{"id":51731,"href":"https:\/\/cycloclubremois.com\/index.php\/wp-json\/wp\/v2\/pages\/48667\/revisions\/51731"}],"wp:attachment":[{"href":"https:\/\/cycloclubremois.com\/index.php\/wp-json\/wp\/v2\/media?parent=48667"}],"wp:term":[{"taxonomy":"folder","embeddable":true,"href":"https:\/\/cycloclubremois.com\/index.php\/wp-json\/wp\/v2\/folder?post=48667"}],"curies":[{"name":"wp","href":"https:\/\/api.w.org\/{rel}","templated":true}]}}