{"id":48468,"date":"2025-12-11T09:20:44","date_gmt":"2025-12-11T08:20:44","guid":{"rendered":"http:\/\/cycloclubremois.com\/?page_id=48468"},"modified":"2026-03-02T08:05:41","modified_gmt":"2026-03-02T07:05:41","slug":"video-presentation-du-club","status":"publish","type":"page","link":"https:\/\/cycloclubremois.com\/index.php\/video-presentation-du-club\/","title":{"rendered":"Vid\u00e9o pr\u00e9sentation du club"},"content":{"rendered":"<h1>Vid\u00e9o de pr\u00e9sentation du club<\/h1>\n<div class=\"multimedia-box-80-20\">\n<div class=\"multimedia-video-80\">\n<div class=\"video-caption-80\">&nbsp;<\/div>\n<\/div>\n<\/div>\n\n\n<!-- ================================================\n     BLOC VID\u00c9O YOUTUBE - VERSION 1 : UNE SEULE VID\u00c9O\n     ================================================ -->\n\n<div class=\"bloc-video-ccr\">\n    \n    <span class=\"video-badge\">\ud83c\udfa5 Le cyclo club r\u00e9mois<\/span>\n    \n    <h3>\ud83c\udfac Pr\u00e9sentation du club<\/h3>\n    \n    <p class=\"video-description\">\n        Une vid\u00e9o r\u00e9alis\u00e9e par les \u00e9tudiants du BTS M\u00e9tiers de l'audiovisuel du groupe La Salle de Reims.\n    <\/p>\n    \n    <div class=\"video-wrapper\">\n        <iframe src=\"https:\/\/www.youtube.com\/embed\/vaspNWTMaH8\" \n                title=\"Le CCR\" \n                allow=\"accelerometer; autoplay; clipboard-write; encrypted-media; gyroscope; picture-in-picture\" \n                allowfullscreen>\n        <\/iframe>\n    <\/div>\n    \n<\/div>\n\n","protected":false},"excerpt":{"rendered":"<p>Vid\u00e9o de pr\u00e9sentation du club &nbsp; \ud83c\udfa5 Le cyclo club r\u00e9mois \ud83c\udfac Pr\u00e9sentation du club Une vid\u00e9o r\u00e9alis\u00e9e par les \u00e9tudiants du BTS M\u00e9tiers de l&rsquo;audiovisuel du groupe La Salle de Reims.<\/p>\n","protected":false},"author":1,"featured_media":0,"parent":0,"menu_order":0,"comment_status":"closed","ping_status":"closed","template":"onecolumn-page.php","meta":{"_acf_changed":false,"inline_featured_image":false,"ngg_post_thumbnail":0,"_kad_post_transparent":"","_kad_post_title":"","_kad_post_layout":"","_kad_post_sidebar_id":"","_kad_post_content_style":"","_kad_post_vertical_padding":"","_kad_post_feature":"","_kad_post_feature_position":"","_kad_post_header":false,"_kad_post_footer":false,"_kad_post_classname":"","footnotes":""},"folder":[],"class_list":["post-48468","page","type-page","status-publish","hentry"],"acf":[],"_links":{"self":[{"href":"https:\/\/cycloclubremois.com\/index.php\/wp-json\/wp\/v2\/pages\/48468","targetHints":{"allow":["GET"]}}],"collection":[{"href":"https:\/\/cycloclubremois.com\/index.php\/wp-json\/wp\/v2\/pages"}],"about":[{"href":"https:\/\/cycloclubremois.com\/index.php\/wp-json\/wp\/v2\/types\/page"}],"author":[{"embeddable":true,"href":"https:\/\/cycloclubremois.com\/index.php\/wp-json\/wp\/v2\/users\/1"}],"replies":[{"embeddable":true,"href":"https:\/\/cycloclubremois.com\/index.php\/wp-json\/wp\/v2\/comments?post=48468"}],"version-history":[{"count":6,"href":"https:\/\/cycloclubremois.com\/index.php\/wp-json\/wp\/v2\/pages\/48468\/revisions"}],"predecessor-version":[{"id":51440,"href":"https:\/\/cycloclubremois.com\/index.php\/wp-json\/wp\/v2\/pages\/48468\/revisions\/51440"}],"wp:attachment":[{"href":"https:\/\/cycloclubremois.com\/index.php\/wp-json\/wp\/v2\/media?parent=48468"}],"wp:term":[{"taxonomy":"folder","embeddable":true,"href":"https:\/\/cycloclubremois.com\/index.php\/wp-json\/wp\/v2\/folder?post=48468"}],"curies":[{"name":"wp","href":"https:\/\/api.w.org\/{rel}","templated":true}]}}