{"id":48393,"date":"2025-12-09T11:54:13","date_gmt":"2025-12-09T10:54:13","guid":{"rendered":"http:\/\/cycloclubremois.com\/?page_id=48393"},"modified":"2026-02-01T09:29:46","modified_gmt":"2026-02-01T08:29:46","slug":"etape-12-bourgogne","status":"publish","type":"page","link":"https:\/\/cycloclubremois.com\/index.php\/etape-12-bourgogne\/","title":{"rendered":"Etape 12 &#8211; Bourgogne"},"content":{"rendered":"<p><!-- Bouton \"Retour en haut\" --><\/p>\n<div style=\"position: fixed; bottom: 30px; right: 30px; z-index: 9999;\"><a style=\"display: block; width: 45px; height: 45px; background-color: #e74c3c; color: white; border-radius: 50%; text-align: center; line-height: 45px; text-decoration: none; font-size: 20px; box-shadow: 0 2px 5px rgba(0, 0, 0, 0.3); font-weight: bold; transition: all 0.3s ease;\" href=\"#top-page\">\u2191<\/a><\/div>\n<p><!-- Ancre en haut de page (\u00e0 placer tout en haut de ta page) --><\/p>\n<div id=\"top-page\">&nbsp;<\/div>\n<p style=\"text-align: right;\"><span style=\"color: #ff0000;\">Pour t\u00e9l\u00e9charger le fichier pdf de tous les parcours, cliquez <a style=\"color: #ff0000;\" href=\"https:\/\/cycloclubremois.com\/wp-content\/uploads\/2026\/01\/PARCOURS-R.D.N-2026-3.pdf\">ici<\/a><\/span><\/p>\n<p><img loading=\"lazy\" decoding=\"async\" class=\"\" src=\"http:\/\/cycloclubremois.com\/wp-content\/uploads\/2024\/02\/logo-ccr-ext2.jpg\" width=\"249\" height=\"249\"><\/p>\n<div style=\"background-color: #f9f2e8; padding: 12px; margin: 0 0 15px 0; border-bottom: 1px solid #e0e0e0; \/* bordure fine en bas *\/ font-size: 18px; font-weight: 600; text-align: center;\">Etape 12 du Rallye des neiges du Cyclo Club R\u00e9mois<\/div>\n<p><!-- Bloc titre hivernal --><\/p>\n<div class=\"hiver-title\">\u2744\ufe0f Etape 12 - Le grand parcours<\/div>\n<p><!-- Bloc date --><\/p>\n<div class=\"hiver-info\">\u2744\ufe0f Dimanche 22 mars 2026<\/div>\n<p><!-- Bloc d\u00e9part --><\/p>\n<div class=\"hiver-info\">\u23f0 D\u00e9part libre<\/div>\n<p><!-- Bloc tarif --><\/p>\n<div class=\"hiver-info\">\ud83d\udcb0 Tarif: carte verte ou 2\u20ac<\/div>\n<p><!-- Bloc parcours hivernal --><\/p>\n<div class=\"hiver-parcours-box\">\n<div class=\"hiver-parcours-icon\">\ud83d\udeb4<\/div>\n<div class=\"hiver-parcours-content\"><strong>Etape 12 - Grand parcours :<\/strong><br \/>\nReims - Voie verte - Saint Leonard \u2013 Sillery - Prunay - Val De Vesle - Nauroy - Beine Nauroy - Epoye - Saint Masmes - Heutregiville \u2013 Warmeriville - Isles Sur Suippe - Bazancourt - Boult Sur Suippe - Fresnes Les Reims - <span style=\"color: #ff0000;\">Bourgogne<\/span> - Betheny \u2013 Reims<\/p>\n<div class=\"hiver-details\"><span class=\"hiver-snowflake\">\u2744\ufe0f<\/span><br \/>\n<a href=\"https:\/\/www.openrunner.com\/route-details\/17843554\">Parcours sur Openrunner<\/a><\/div>\n<div class=\"hiver-details\"><span class=\"hiver-snowflake\">\ud83d\udcc4<\/span> Parcours \u00e0 imprimer (faire un clic droit de la souris, puis enregistrer le lien sous)&nbsp;<a href=\"http:\/\/cycloclubremois.com\/wp-content\/uploads\/2025\/12\/PARCOURS-R.D.N-2026.pdf\">ici<\/a><\/div>\n<div class=\"hiver-details\"><span class=\"hiver-snowflake\">\ud83d\udcdd<\/span> Bulletin inscription \u00e0 imprimer&nbsp;(faire un clic droit de la souris, puis enregistrer le lien sous)&nbsp;&nbsp;<a href=\"http:\/\/cycloclubremois.com\/wp-content\/uploads\/2025\/12\/INSCRIPTION-RDN-2026.pdf\">ici<\/a><\/div>\n<\/div>\n<\/div>\n<p><a href=\"https:\/\/www.openrunner.com\/route-details\/17843554\"><img loading=\"lazy\" decoding=\"async\" class=\"aligncenter size-full wp-image-48388\" src=\"http:\/\/cycloclubremois.com\/wp-content\/uploads\/2025\/12\/Etape12_GP.png\" alt=\"\" width=\"1436\" height=\"1051\" srcset=\"https:\/\/cycloclubremois.com\/wp-content\/uploads\/2025\/12\/Etape12_GP.png 1436w, https:\/\/cycloclubremois.com\/wp-content\/uploads\/2025\/12\/Etape12_GP-300x220.png 300w, https:\/\/cycloclubremois.com\/wp-content\/uploads\/2025\/12\/Etape12_GP-768x562.png 768w, https:\/\/cycloclubremois.com\/wp-content\/uploads\/2025\/12\/Etape12_GP-1024x749.png 1024w\" sizes=\"auto, (max-width: 1436px) 100vw, 1436px\" \/><\/a><\/p>\n<p><!-- Espace de 50px --><\/p>\n<div style=\"height: 50px;\">&nbsp;<\/div>\n<p><!-- Bloc titre hivernal --><\/p>\n<div class=\"hiver-title\">\u2744\ufe0f Etape 12 - Le petit parcours<\/div>\n<p><!-- Bloc date --><\/p>\n<div class=\"hiver-info\">\u2744\ufe0f Dimanche 22 mars 2026<\/div>\n<p><!-- Bloc d\u00e9part --><\/p>\n<div class=\"hiver-info\">\u23f0 D\u00e9part libre<\/div>\n<p><!-- Bloc tarif --><\/p>\n<div class=\"hiver-info\">\ud83d\udcb0 Tarif: carte verte ou 2\u20ac<\/div>\n<p><!-- Bloc parcours hivernal --><\/p>\n<div class=\"hiver-parcours-box\">\n<div class=\"hiver-parcours-icon\">\ud83d\udeb4<\/div>\n<div class=\"hiver-parcours-content\"><strong>Etape 12 - Petit parcours :<\/strong><br \/>\nReims \u2013 Betheny \u2013 Witry les Reims \u2013 Fresnes \u2013 Bazancourt \u2013 Boult \/ Suippe \u2013 Dir St Etienne \/ Suippe - <span style=\"color: #ff0000;\">Bourgogne<\/span> \u2013 Betheny - Reims<\/p>\n<div class=\"hiver-details\"><span class=\"hiver-snowflake\">\u2744\ufe0f<\/span><br \/>\n<a href=\"https:\/\/www.openrunner.com\/route-details\/19918085\">Parcours sur Openrunner<\/a><\/div>\n<div class=\"hiver-details\"><span class=\"hiver-snowflake\">\ud83d\udcc4<\/span> Parcours \u00e0 imprimer (faire un clic droit de la souris, puis enregistrer le lien sous)&nbsp;<a href=\"http:\/\/cycloclubremois.com\/wp-content\/uploads\/2025\/12\/PARCOURS-R.D.N-2026.pdf\">ici<\/a><\/div>\n<div class=\"hiver-details\"><span class=\"hiver-snowflake\">\ud83d\udcdd<\/span> Bulletin inscription \u00e0 imprimer&nbsp;(faire un clic droit de la souris, puis enregistrer le lien sous)&nbsp;&nbsp;<a href=\"http:\/\/cycloclubremois.com\/wp-content\/uploads\/2025\/12\/INSCRIPTION-RDN-2026.pdf\">ici<\/a><\/div>\n<\/div>\n<\/div>\n<p><a href=\"https:\/\/www.openrunner.com\/route-details\/19918085\"><img loading=\"lazy\" decoding=\"async\" class=\"aligncenter size-full wp-image-48387\" src=\"http:\/\/cycloclubremois.com\/wp-content\/uploads\/2025\/12\/Etape12_PP.png\" alt=\"\" width=\"1439\" height=\"1064\" srcset=\"https:\/\/cycloclubremois.com\/wp-content\/uploads\/2025\/12\/Etape12_PP.png 1439w, https:\/\/cycloclubremois.com\/wp-content\/uploads\/2025\/12\/Etape12_PP-300x222.png 300w, https:\/\/cycloclubremois.com\/wp-content\/uploads\/2025\/12\/Etape12_PP-768x568.png 768w, https:\/\/cycloclubremois.com\/wp-content\/uploads\/2025\/12\/Etape12_PP-1024x757.png 1024w\" sizes=\"auto, (max-width: 1439px) 100vw, 1439px\" \/><\/a><\/p>\n<p><!-- Espace de 50px --><\/p>\n<div style=\"height: 50px;\">&nbsp;<\/div>\n<p>&nbsp;<\/p>\n<h1>Consignes de s\u00e9curit\u00e9<\/h1>\n<div style=\"display: flex; align-items: stretch; margin-bottom: 15px;\">\n<div style=\"background-color: #ff6b35; color: white; padding: 12px; display: flex; align-items: center; justify-content: center; min-width: 70px; font-size: 24px;\">\u26a0<\/div>\n<div class=\"attention-box\" style=\"flex: 1; margin-left: 0; border-radius: 0 4px 4px 0; border-left: none;\">\n<p>Le participant ne b\u00e9n\u00e9ficie en aucun cas d\u2019une priorit\u00e9 de passage. Il se doit d\u2019appliquer les dispositions du code de la route, de respecter les consignes verbales et \u00e9crites de l\u2019organisation, d\u2019ex\u00e9cuter les injonctions des services de police ou de gendarmerie.La responsabilit\u00e9 personnelle du participant demeure pleine et enti\u00e8re au regard de ces dispositions, prescriptions et injonctions.<\/p>\n<p>Pour \u00eatre bien vu sur la route, \u00e9vitez de porter des v\u00eatements sombres. Pour rester visible en toutes circonstances, il est \u00e9galement conseill\u00e9 de porter, de jour comme de nuit, un casque et un gilet jaune haute visibilit\u00e9 (fluorescent et r\u00e9tro-r\u00e9fl\u00e9chissant).<br \/>\nCe dernier est obligatoire hors agglom\u00e9ration la nuit et de jour lorsque la visibilit\u00e9 est r\u00e9duite. Par mauvais temps, neige, brouillard et verglas, chacun doit d\u00e9cider personnellement de rouler ou de ne pas rouler.<br \/>\nSur la route ne roulez pas \u00e0 plus de deux de front.<br \/>\nEn cas d\u2019alerte m\u00e9t\u00e9o, l\u2019activit\u00e9 sera supprim\u00e9e.<br \/>\nContact : pascal.annould@gmail.com<br \/>\nT\u00e9l : 06 63 68 07 53<\/p>\n<\/div>\n<\/div>\n<p><!-- Espace de 50px --><\/p>\n<div style=\"height: 50px;\">&nbsp;<\/div>\n<p>&nbsp;<\/p>\n<div id=\"compte-rendu\">&nbsp;<\/div>\n<h1>Compte rendu<\/h1>\n<p><!-- Espace de 50px --><\/p>\n<div style=\"height: 50px;\">&nbsp;<\/div>\n<p>&nbsp;<\/p>\n<h1>Photos<\/h1>\n<div style=\"position: fixed; bottom: 30px; right: 30px; z-index: 9999;\"><a style=\"display: block; width: 45px; height: 45px; background-color: #e74c3c; color: white; border-radius: 50%; text-align: center; line-height: 45px; text-decoration: none; font-size: 20px; box-shadow: 0 2px 5px rgba(0, 0, 0, 0.3); font-weight: bold; transition: all 0.3s ease;\" href=\"#top-page\">\u2191<\/a><\/div>\n","protected":false},"excerpt":{"rendered":"<p>\u2191 &nbsp; Pour t\u00e9l\u00e9charger le fichier pdf de tous les parcours, cliquez ici Etape 12 du Rallye des neiges du Cyclo Club R\u00e9mois \u2744\ufe0f Etape 12 &#8211; Le grand parcours \u2744\ufe0f Dimanche 22 mars 2026 \u23f0 D\u00e9part libre \ud83d\udcb0 Tarif: carte verte ou 2\u20ac \ud83d\udeb4 Etape 12 &#8211; Grand parcours : Reims &#8211; Voie verte&#8230;<\/p>\n","protected":false},"author":1,"featured_media":0,"parent":0,"menu_order":0,"comment_status":"closed","ping_status":"closed","template":"onecolumn-page.php","meta":{"_acf_changed":false,"inline_featured_image":false,"ngg_post_thumbnail":0,"_kad_post_transparent":"","_kad_post_title":"","_kad_post_layout":"","_kad_post_sidebar_id":"","_kad_post_content_style":"","_kad_post_vertical_padding":"","_kad_post_feature":"","_kad_post_feature_position":"","_kad_post_header":false,"_kad_post_footer":false,"_kad_post_classname":"","footnotes":""},"folder":[],"class_list":["post-48393","page","type-page","status-publish","hentry"],"acf":[],"_links":{"self":[{"href":"https:\/\/cycloclubremois.com\/index.php\/wp-json\/wp\/v2\/pages\/48393","targetHints":{"allow":["GET"]}}],"collection":[{"href":"https:\/\/cycloclubremois.com\/index.php\/wp-json\/wp\/v2\/pages"}],"about":[{"href":"https:\/\/cycloclubremois.com\/index.php\/wp-json\/wp\/v2\/types\/page"}],"author":[{"embeddable":true,"href":"https:\/\/cycloclubremois.com\/index.php\/wp-json\/wp\/v2\/users\/1"}],"replies":[{"embeddable":true,"href":"https:\/\/cycloclubremois.com\/index.php\/wp-json\/wp\/v2\/comments?post=48393"}],"version-history":[{"count":6,"href":"https:\/\/cycloclubremois.com\/index.php\/wp-json\/wp\/v2\/pages\/48393\/revisions"}],"predecessor-version":[{"id":49830,"href":"https:\/\/cycloclubremois.com\/index.php\/wp-json\/wp\/v2\/pages\/48393\/revisions\/49830"}],"wp:attachment":[{"href":"https:\/\/cycloclubremois.com\/index.php\/wp-json\/wp\/v2\/media?parent=48393"}],"wp:term":[{"taxonomy":"folder","embeddable":true,"href":"https:\/\/cycloclubremois.com\/index.php\/wp-json\/wp\/v2\/folder?post=48393"}],"curies":[{"name":"wp","href":"https:\/\/api.w.org\/{rel}","templated":true}]}}