{"id":48302,"date":"2025-12-08T19:14:13","date_gmt":"2025-12-08T18:14:13","guid":{"rendered":"http:\/\/cycloclubremois.com\/?page_id=48302"},"modified":"2026-01-30T10:20:58","modified_gmt":"2026-01-30T09:20:58","slug":"etape-4-saint-etienne-sur-suippe","status":"publish","type":"page","link":"https:\/\/cycloclubremois.com\/index.php\/etape-4-saint-etienne-sur-suippe\/","title":{"rendered":"Etape 4 &#8211; Saint Etienne sur Suippe"},"content":{"rendered":"<div style=\"position: fixed; bottom: 30px; right: 30px; z-index: 9999;\"><a style=\"display: block; width: 45px; height: 45px; background-color: #e74c3c; color: white; border-radius: 50%; text-align: center; line-height: 45px; text-decoration: none; font-size: 20px; box-shadow: 0 2px 5px rgba(0, 0, 0, 0.3); font-weight: bold; transition: all 0.3s ease;\" href=\"#top-page\">\u2191<\/a><\/div>\n<p><!-- Ancre en haut de page (\u00e0 placer tout en haut de ta page) --><\/p>\n<div id=\"top-page\">&nbsp;<\/div>\n<p style=\"text-align: right;\"><span style=\"color: #ff0000;\">Pour t\u00e9l\u00e9charger le fichier pdf de tous les parcours, cliquez <a style=\"color: #ff0000;\" href=\"https:\/\/cycloclubremois.com\/wp-content\/uploads\/2026\/01\/PARCOURS-R.D.N-2026-3.pdf\">ici<\/a><\/span><\/p>\n<p><img loading=\"lazy\" decoding=\"async\" class=\"\" src=\"http:\/\/cycloclubremois.com\/wp-content\/uploads\/2024\/02\/logo-ccr-ext2.jpg\" width=\"249\" height=\"249\"><\/p>\n<div style=\"background-color: #f9f2e8; padding: 12px; margin: 0 0 15px 0; border-bottom: 1px solid #e0e0e0; \/* bordure fine en bas *\/ font-size: 18px; font-weight: 600; text-align: center;\">Etape 4 du Rallye des neiges du Cyclo Club R\u00e9mois<\/div>\n<p><!-- Bloc titre hivernal --><\/p>\n<div class=\"hiver-title\">\u2744\ufe0f Etape 4 - Le grand parcours<\/div>\n<p><!-- Bloc date --><\/p>\n<div class=\"hiver-info\">\u2744\ufe0f Dimanche 25 janvier 2026<\/div>\n<p><!-- Bloc d\u00e9part --><\/p>\n<div class=\"hiver-info\">\u23f0 D\u00e9part libre<\/div>\n<p><!-- Bloc tarif --><\/p>\n<div class=\"hiver-info\">\ud83d\udcb0 Tarif: carte verte ou 2\u20ac<\/div>\n<p><!-- Bloc parcours hivernal --><\/p>\n<div class=\"hiver-parcours-box\">\n<div class=\"hiver-parcours-icon\">\ud83d\udeb4<\/div>\n<div class=\"hiver-parcours-content\"><strong>Etape 4 - Grand parcours :<\/strong><br \/>\nReims - Cernay Les Reims - Nogent L\u2019abbesse - Beine Nauroy \u2013 Epoye - Selles \u2013 Saint-Masmes - Epoye -Lavannes - Pomacle - Boult Sur Suippe \u2013 St Etienne Sur Suippe - Bourgogne - B\u00e9theny - Reims<\/p>\n<div class=\"hiver-details\"><span class=\"hiver-snowflake\">\u2744\ufe0f<\/span><br \/>\n<a href=\"https:\/\/www.openrunner.com\/route-details\/17843409\">Parcours sur Openrunner<\/a><\/div>\n<div class=\"hiver-details\"><span class=\"hiver-snowflake\">\ud83d\udcc4<\/span> Parcours \u00e0 imprimer (faire un clic droit de la souris, puis enregistrer le lien sous)&nbsp;<a href=\"http:\/\/cycloclubremois.com\/wp-content\/uploads\/2025\/12\/PARCOURS-R.D.N-2026.pdf\">ici<\/a><\/div>\n<div class=\"hiver-details\"><span class=\"hiver-snowflake\">\ud83d\udcdd<\/span> Bulletin inscription \u00e0 imprimer&nbsp;(faire un clic droit de la souris, puis enregistrer le lien sous)&nbsp;&nbsp;<a href=\"http:\/\/cycloclubremois.com\/wp-content\/uploads\/2025\/12\/INSCRIPTION-RDN-2026.pdf\">ici<\/a><\/div>\n<\/div>\n<\/div>\n<p><a href=\"https:\/\/www.openrunner.com\/route-details\/17843409\"><img loading=\"lazy\" decoding=\"async\" class=\"aligncenter size-full wp-image-48307\" src=\"http:\/\/cycloclubremois.com\/wp-content\/uploads\/2025\/12\/Etape4_GP.png\" alt=\"\" width=\"1317\" height=\"1064\" srcset=\"https:\/\/cycloclubremois.com\/wp-content\/uploads\/2025\/12\/Etape4_GP.png 1317w, https:\/\/cycloclubremois.com\/wp-content\/uploads\/2025\/12\/Etape4_GP-300x242.png 300w, https:\/\/cycloclubremois.com\/wp-content\/uploads\/2025\/12\/Etape4_GP-768x620.png 768w, https:\/\/cycloclubremois.com\/wp-content\/uploads\/2025\/12\/Etape4_GP-1024x827.png 1024w\" sizes=\"auto, (max-width: 1317px) 100vw, 1317px\" \/><\/a><\/p>\n<p><!-- Espace de 50px --><\/p>\n<div style=\"height: 50px;\">&nbsp;<\/div>\n<p><!-- Bloc titre hivernal --><\/p>\n<div class=\"hiver-title\">\u2744\ufe0f Etape 4 - Le petit parcours<\/div>\n<p><!-- Bloc date --><\/p>\n<div class=\"hiver-info\">\u2744\ufe0f Dimanche 25 janvier 2026<\/div>\n<p><!-- Bloc d\u00e9part --><\/p>\n<div class=\"hiver-info\">\u23f0 D\u00e9part libre<\/div>\n<p><!-- Bloc tarif --><\/p>\n<div class=\"hiver-info\">\ud83d\udcb0 Tarif: carte verte ou 2\u20ac<\/div>\n<p><!-- Bloc parcours hivernal --><\/p>\n<div class=\"hiver-parcours-box\">\n<div class=\"hiver-parcours-icon\">\ud83d\udeb4<\/div>\n<div class=\"hiver-parcours-content\"><strong>Etape 4 - Petit parcours :<\/strong><br \/>\nReims - Cernay Les Reims - Berru - Caurel - Pomacle \u2013 D31 \u2013 Rond point \u00e0 gauche D 20 A - Boult Sur Suippe \u2013 St Etienne Sur Suippe - Bourgogne - B\u00e9theny - Reims<\/p>\n<div class=\"hiver-details\"><span class=\"hiver-snowflake\">\u2744\ufe0f<\/span><br \/>\n<a href=\"https:\/\/www.openrunner.com\/route-details\/17843476\">Parcours sur Openrunner<\/a><\/div>\n<div class=\"hiver-details\"><span class=\"hiver-snowflake\">\ud83d\udcc4<\/span> Parcours \u00e0 imprimer (faire un clic droit de la souris, puis enregistrer le lien sous)&nbsp;<a href=\"http:\/\/cycloclubremois.com\/wp-content\/uploads\/2025\/12\/PARCOURS-R.D.N-2026.pdf\">ici<\/a><\/div>\n<div class=\"hiver-details\"><span class=\"hiver-snowflake\">\ud83d\udcdd<\/span> Bulletin inscription \u00e0 imprimer&nbsp;(faire un clic droit de la souris, puis enregistrer le lien sous)&nbsp;&nbsp;<a href=\"http:\/\/cycloclubremois.com\/wp-content\/uploads\/2025\/12\/INSCRIPTION-RDN-2026.pdf\">ici<\/a><\/div>\n<\/div>\n<\/div>\n<p><a href=\"https:\/\/www.openrunner.com\/route-details\/17843476\"><img loading=\"lazy\" decoding=\"async\" class=\"aligncenter size-full wp-image-48306\" src=\"http:\/\/cycloclubremois.com\/wp-content\/uploads\/2025\/12\/Etape4_PP.png\" alt=\"\" width=\"1346\" height=\"1045\" srcset=\"https:\/\/cycloclubremois.com\/wp-content\/uploads\/2025\/12\/Etape4_PP.png 1346w, https:\/\/cycloclubremois.com\/wp-content\/uploads\/2025\/12\/Etape4_PP-300x233.png 300w, https:\/\/cycloclubremois.com\/wp-content\/uploads\/2025\/12\/Etape4_PP-768x596.png 768w, https:\/\/cycloclubremois.com\/wp-content\/uploads\/2025\/12\/Etape4_PP-1024x795.png 1024w\" sizes=\"auto, (max-width: 1346px) 100vw, 1346px\" \/><\/a><\/p>\n<p><!-- Espace de 50px --><\/p>\n<div style=\"height: 50px;\">&nbsp;<\/div>\n<p>&nbsp;<\/p>\n<h1>Consignes de s\u00e9curit\u00e9<\/h1>\n<div style=\"display: flex; align-items: stretch; margin-bottom: 15px;\">\n<div style=\"background-color: #ff6b35; color: white; padding: 12px; display: flex; align-items: center; justify-content: center; min-width: 70px; font-size: 24px;\">\u26a0<\/div>\n<div class=\"attention-box\" style=\"flex: 1; margin-left: 0; border-radius: 0 4px 4px 0; border-left: none;\">\n<p>Le participant ne b\u00e9n\u00e9ficie en aucun cas d\u2019une priorit\u00e9 de passage. Il se doit d\u2019appliquer les dispositions du code de la route, de respecter les consignes verbales et \u00e9crites de l\u2019organisation, d\u2019ex\u00e9cuter les injonctions des services de police ou de gendarmerie.La responsabilit\u00e9 personnelle du participant demeure pleine et enti\u00e8re au regard de ces dispositions, prescriptions et injonctions.<\/p>\n<p>Pour \u00eatre bien vu sur la route, \u00e9vitez de porter des v\u00eatements sombres. Pour rester visible en toutes circonstances, il est \u00e9galement conseill\u00e9 de porter, de jour comme de nuit, un casque et un gilet jaune haute visibilit\u00e9 (fluorescent et r\u00e9tro-r\u00e9fl\u00e9chissant).<br \/>\nCe dernier est obligatoire hors agglom\u00e9ration la nuit et de jour lorsque la visibilit\u00e9 est r\u00e9duite. Par mauvais temps, neige, brouillard et verglas, chacun doit d\u00e9cider personnellement de rouler ou de ne pas rouler.<br \/>\nSur la route ne roulez pas \u00e0 plus de deux de front.<br \/>\nEn cas d\u2019alerte m\u00e9t\u00e9o, l\u2019activit\u00e9 sera supprim\u00e9e.<br \/>\nContact : pascal.annould@gmail.com<br \/>\nT\u00e9l : 06 63 68 07 53<\/p>\n<\/div>\n<\/div>\n<p><!-- Espace de 50px --><\/p>\n<div style=\"height: 50px;\">&nbsp;<\/div>\n<p>&nbsp;<\/p>\n<div id=\"compte-rendu\">&nbsp;<\/div>\n<h1>Compte rendu<\/h1>\n<div style=\"max-width: 800px; margin: 0 auto; padding: 25px; font-family: 'Segoe UI', Tahoma, Geneva, Verdana, sans-serif; color: #333; background-color: #fff; border-radius: 10px; box-shadow: 0 4px 12px rgba(0, 0, 0, 0.1); display: flex; flex-wrap: wrap;\">\n<p><!-- En-t\u00eate avec fond color\u00e9 --><\/p>\n<div style=\"background: linear-gradient(135deg, #e74c3c, #f39c12); color: white; padding: 20px; border-radius: 8px 8px 0 0; text-align: center; margin: -25px -25px 20px -25px; box-shadow: 0 4px 8px rgba(0, 0, 0, 0.1); width: calc(100% + 50px);\">\n<h1 style=\"margin: 0; font-size: 24px;\">Compte rendu - 4\u00e8me \u00e9tape du Rallye des Neiges 2026<\/h1>\n<\/div>\n<p><!-- Conteneur principal en deux colonnes --><\/p>\n<div style=\"display: flex; width: 100%; margin-bottom: 20px;\">\n<p><!-- Colonne de gauche : titre \"Compte rendu\" --><\/p>\n<div style=\"background-color: #f8f9fa; padding: 20px; border-radius: 8px; width: 25%; text-align: center; font-weight: bold; color: #e74c3c; font-size: 18px; display: flex; align-items: center; justify-content: center;\">Compte Rendu<\/div>\n<p><!-- Colonne de droite : texte du compte rendu --><\/p>\n<div style=\"background-color: #fefefe; padding: 20px; border-radius: 8px; width: 75%; line-height: 1.6; font-size: 16px;\">\n<p><!-- Paragraphe 1 --><\/p>\n<div style=\"margin-bottom: 15px; display: flex; align-items: flex-start;\">\n<div style=\"margin-right: 10px; color: #e74c3c; font-size: 18px;\">\u2744\ufe0f<\/div>\n<p style=\"margin: 0;\">Temps froid, route blanchie par le gel en d\u00e9but de parcours.<\/p>\n<\/div>\n<p><!-- Paragraphe 2 --><\/p>\n<div style=\"margin-bottom: 15px; display: flex; align-items: flex-start;\">\n<div style=\"margin-right: 10px; color: #e74c3c; font-size: 18px;\">\u26a0\ufe0f<\/div>\n<p style=\"margin: 0;\">Il y a eu un ou deux d\u00e9rapages, voire chutes, mais sans cons\u00e9quence grave \u00e0 notre connaissance.<\/p>\n<\/div>\n<p><!-- Paragraphe 3 --><\/p>\n<div style=\"margin-bottom: 15px; display: flex; align-items: flex-start;\">\n<div style=\"margin-right: 10px; color: #e74c3c; font-size: 18px;\">\ud83d\udeb4\u200d\u2642\ufe0f<\/div>\n<p style=\"margin: 0;\">Malgr\u00e9 tout, une belle affluence avec <strong>213 cyclistes<\/strong>.<\/p>\n<\/div>\n<\/div>\n<\/div>\n<p><!-- Pied de page --><\/p>\n<div style=\"text-align: center; margin-top: 20px; font-style: italic; color: #777; width: 100%;\">\n<p>Cyclo Club R\u00e9mois - Rallye des Neiges 2026<\/p>\n<\/div>\n<\/div>\n<p><!-- Espace de 50px --><\/p>\n<div style=\"height: 50px;\">&nbsp;<\/div>\n<p>&nbsp;<\/p>\n<h1>Photos<\/h1>\n<div style=\"position: fixed; bottom: 30px; right: 30px; z-index: 9999;\"><a style=\"display: block; width: 45px; height: 45px; background-color: #e74c3c; color: white; border-radius: 50%; text-align: center; line-height: 45px; text-decoration: none; font-size: 20px; box-shadow: 0 2px 5px rgba(0, 0, 0, 0.3); font-weight: bold; transition: all 0.3s ease;\" href=\"#top-page\">\u2191<\/a><\/div>\n<p>Cliquez sur la photo ci-dessous pour acc\u00e9der aux photos de cette quatri\u00e8me \u00e9tape<\/p>\n<p><a href=\"https:\/\/cycloclubremois.com\/index.php\/rdn2026_etape04\/\"><img loading=\"lazy\" decoding=\"async\" class=\"aligncenter wp-image-49818 size-medium\" src=\"https:\/\/cycloclubremois.com\/wp-content\/uploads\/2026\/01\/RDN2026_Etape04_08-300x225.jpg\" alt=\"\" width=\"300\" height=\"225\" srcset=\"https:\/\/cycloclubremois.com\/wp-content\/uploads\/2026\/01\/RDN2026_Etape04_08-300x225.jpg 300w, https:\/\/cycloclubremois.com\/wp-content\/uploads\/2026\/01\/RDN2026_Etape04_08-768x576.jpg 768w, https:\/\/cycloclubremois.com\/wp-content\/uploads\/2026\/01\/RDN2026_Etape04_08-1024x768.jpg 1024w\" sizes=\"auto, (max-width: 300px) 100vw, 300px\" \/><\/a><\/p>\n<p>&nbsp;<\/p>\n","protected":false},"excerpt":{"rendered":"<p>\u2191 &nbsp; Pour t\u00e9l\u00e9charger le fichier pdf de tous les parcours, cliquez ici Etape 4 du Rallye des neiges du Cyclo Club R\u00e9mois \u2744\ufe0f Etape 4 &#8211; Le grand parcours \u2744\ufe0f Dimanche 25 janvier 2026 \u23f0 D\u00e9part libre \ud83d\udcb0 Tarif: carte verte ou 2\u20ac \ud83d\udeb4 Etape 4 &#8211; Grand parcours : Reims &#8211; Cernay Les&#8230;<\/p>\n","protected":false},"author":1,"featured_media":0,"parent":0,"menu_order":0,"comment_status":"open","ping_status":"closed","template":"onecolumn-page.php","meta":{"_acf_changed":false,"inline_featured_image":false,"ngg_post_thumbnail":0,"_kad_post_transparent":"","_kad_post_title":"","_kad_post_layout":"","_kad_post_sidebar_id":"","_kad_post_content_style":"","_kad_post_vertical_padding":"","_kad_post_feature":"","_kad_post_feature_position":"","_kad_post_header":false,"_kad_post_footer":false,"_kad_post_classname":"","footnotes":""},"folder":[],"class_list":["post-48302","page","type-page","status-publish","hentry"],"acf":[],"_links":{"self":[{"href":"https:\/\/cycloclubremois.com\/index.php\/wp-json\/wp\/v2\/pages\/48302","targetHints":{"allow":["GET"]}}],"collection":[{"href":"https:\/\/cycloclubremois.com\/index.php\/wp-json\/wp\/v2\/pages"}],"about":[{"href":"https:\/\/cycloclubremois.com\/index.php\/wp-json\/wp\/v2\/types\/page"}],"author":[{"embeddable":true,"href":"https:\/\/cycloclubremois.com\/index.php\/wp-json\/wp\/v2\/users\/1"}],"replies":[{"embeddable":true,"href":"https:\/\/cycloclubremois.com\/index.php\/wp-json\/wp\/v2\/comments?post=48302"}],"version-history":[{"count":16,"href":"https:\/\/cycloclubremois.com\/index.php\/wp-json\/wp\/v2\/pages\/48302\/revisions"}],"predecessor-version":[{"id":49821,"href":"https:\/\/cycloclubremois.com\/index.php\/wp-json\/wp\/v2\/pages\/48302\/revisions\/49821"}],"wp:attachment":[{"href":"https:\/\/cycloclubremois.com\/index.php\/wp-json\/wp\/v2\/media?parent=48302"}],"wp:term":[{"taxonomy":"folder","embeddable":true,"href":"https:\/\/cycloclubremois.com\/index.php\/wp-json\/wp\/v2\/folder?post=48302"}],"curies":[{"name":"wp","href":"https:\/\/api.w.org\/{rel}","templated":true}]}}