{"id":48276,"date":"2025-12-08T17:22:38","date_gmt":"2025-12-08T16:22:38","guid":{"rendered":"http:\/\/cycloclubremois.com\/?page_id=48276"},"modified":"2026-01-12T18:50:33","modified_gmt":"2026-01-12T17:50:33","slug":"etape-2-mailly-champagne","status":"publish","type":"page","link":"https:\/\/cycloclubremois.com\/index.php\/etape-2-mailly-champagne\/","title":{"rendered":"Etape 2 &#8211; Mailly Champagne"},"content":{"rendered":"<p><!-- Bouton \"Retour en haut\" --><\/p>\n<div style=\"position: fixed; bottom: 30px; right: 30px; z-index: 9999;\"><a style=\"display: block; width: 45px; height: 45px; background-color: #e74c3c; color: white; border-radius: 50%; text-align: center; line-height: 45px; text-decoration: none; font-size: 20px; box-shadow: 0 2px 5px rgba(0, 0, 0, 0.3); font-weight: bold; transition: all 0.3s ease;\" href=\"#top-page\">\u2191<\/a><\/div>\n<p><!-- Ancre en haut de page (\u00e0 placer tout en haut de ta page) --><\/p>\n<div id=\"top-page\">&nbsp;<\/div>\n<p style=\"text-align: right;\"><span style=\"color: #ff0000;\">Pour t\u00e9l\u00e9charger le fichier pdf de tous les parcours, cliquez <a style=\"color: #ff0000;\" href=\"https:\/\/cycloclubremois.com\/wp-content\/uploads\/2026\/01\/PARCOURS-R.D.N-2026-3.pdf\">ici<\/a><\/span><\/p>\n<p><img loading=\"lazy\" decoding=\"async\" class=\"\" src=\"http:\/\/cycloclubremois.com\/wp-content\/uploads\/2024\/02\/logo-ccr-ext2.jpg\" width=\"249\" height=\"249\"><\/p>\n<div style=\"background-color: #f9f2e8; padding: 12px; margin: 0 0 15px 0; border-bottom: 1px solid #e0e0e0; \/* bordure fine en bas *\/ font-size: 18px; font-weight: 600; text-align: center;\">Etape 2 du Rallye des neiges du Cyclo Club R\u00e9mois<\/div>\n<p><!-- Bloc titre hivernal --><\/p>\n<div class=\"hiver-title\">\u2744\ufe0f Etape 2 - Le grand parcours<\/div>\n<p><!-- Bloc date --><\/p>\n<div class=\"hiver-info\">\u2744\ufe0f Dimanche 11 janvier 2026<\/div>\n<p><!-- Bloc d\u00e9part --><\/p>\n<div class=\"hiver-info\">\u23f0 D\u00e9part libre<\/div>\n<p><!-- Bloc tarif --><\/p>\n<div class=\"hiver-info\">\ud83d\udcb0 Tarif: carte verte ou 2\u20ac<\/div>\n<p><!-- Bloc parcours hivernal --><\/p>\n<div class=\"hiver-parcours-box\">\n<div class=\"hiver-parcours-icon\">\ud83d\udeb4<\/div>\n<div class=\"hiver-parcours-content\"><strong>Etape 2 - Grand parcours :<\/strong><br \/>\nReims \u2013 Voie verte \u2013 St Leonard - Sillery - Prunay - Val de Vesle - Sept Saulx - Les Petites Loges \u2013 Villers Marmery - Verzy - Louvois - La Neuville en Chaillois - Craon de Ludes - <span style=\"color: #ff0000;\">Mailly Champagne<\/span> - Sillery - Saint Leonard - Reims<\/p>\n<div class=\"hiver-details\"><span class=\"hiver-snowflake\">\u2744\ufe0f<\/span><br \/>\n<a href=\"https:\/\/www.openrunner.com\/route-details\/19931432\">Parcours sur Openrunner<\/a><\/div>\n<div class=\"hiver-details\"><span class=\"hiver-snowflake\">\ud83d\udcc4<\/span> Parcours \u00e0 imprimer (faire un clic droit de la souris, puis enregistrer le lien sous)&nbsp;<a href=\"http:\/\/cycloclubremois.com\/wp-content\/uploads\/2025\/12\/PARCOURS-R.D.N-2026.pdf\">ici<\/a><\/div>\n<div class=\"hiver-details\"><span class=\"hiver-snowflake\">\ud83d\udcdd<\/span> Bulletin inscription \u00e0 imprimer&nbsp;(faire un clic droit de la souris, puis enregistrer le lien sous)&nbsp;&nbsp;<a href=\"http:\/\/cycloclubremois.com\/wp-content\/uploads\/2025\/12\/INSCRIPTION-RDN-2026.pdf\">ici<\/a><\/div>\n<\/div>\n<\/div>\n<p><a href=\"https:\/\/www.openrunner.com\/route-details\/19931432\"><img loading=\"lazy\" decoding=\"async\" class=\"aligncenter size-full wp-image-48282\" src=\"http:\/\/cycloclubremois.com\/wp-content\/uploads\/2025\/12\/Etape2_GP.png\" alt=\"\" width=\"1400\" height=\"1072\" srcset=\"https:\/\/cycloclubremois.com\/wp-content\/uploads\/2025\/12\/Etape2_GP.png 1400w, https:\/\/cycloclubremois.com\/wp-content\/uploads\/2025\/12\/Etape2_GP-300x230.png 300w, https:\/\/cycloclubremois.com\/wp-content\/uploads\/2025\/12\/Etape2_GP-768x588.png 768w, https:\/\/cycloclubremois.com\/wp-content\/uploads\/2025\/12\/Etape2_GP-1024x784.png 1024w\" sizes=\"auto, (max-width: 1400px) 100vw, 1400px\" \/><\/a><\/p>\n<p><!-- Espace de 50px --><\/p>\n<div style=\"height: 50px;\">&nbsp;<\/div>\n<p><!-- Bloc titre hivernal --><\/p>\n<div class=\"hiver-title\">\u2744\ufe0f Etape 2 - Le petit parcours<\/div>\n<p><!-- Bloc date --><\/p>\n<div class=\"hiver-info\">\u2744\ufe0f Dimanche 11 janvier 2026<\/div>\n<p><!-- Bloc d\u00e9part --><\/p>\n<div class=\"hiver-info\">\u23f0 D\u00e9part libre<\/div>\n<p><!-- Bloc tarif --><\/p>\n<div class=\"hiver-info\">\ud83d\udcb0 Tarif: carte verte ou 2\u20ac<\/div>\n<p><!-- Bloc parcours hivernal --><\/p>\n<div class=\"hiver-parcours-box\">\n<div class=\"hiver-parcours-icon\">\ud83d\udeb4<\/div>\n<div class=\"hiver-parcours-content\"><strong>Etape 2 - Petit parcours :<\/strong><br \/>\nReims \u2013 Voie verte \u2013 St Leonard - Sillery - Prunay - Val de Vesle \u2013 Beaumont \/ Vesle - Verzy - Verzenay \u2013 <span style=\"color: #ff0000;\">Mailly-Champagne<\/span> - Sillery - Saint Leonard - Reims<\/p>\n<div class=\"hiver-details\"><span class=\"hiver-snowflake\">\u2744\ufe0f<\/span><br \/>\n<a href=\"https:\/\/www.openrunner.com\/route-details\/19931487\">Parcours sur Openrunner<\/a><\/div>\n<div class=\"hiver-details\"><span class=\"hiver-snowflake\">\ud83d\udcc4<\/span> Parcours \u00e0 imprimer (faire un clic droit de la souris, puis enregistrer le lien sous)&nbsp;<a href=\"http:\/\/cycloclubremois.com\/wp-content\/uploads\/2025\/12\/PARCOURS-R.D.N-2026.pdf\">ici<\/a><\/div>\n<div class=\"hiver-details\"><span class=\"hiver-snowflake\">\ud83d\udcdd<\/span> Bulletin inscription \u00e0 imprimer&nbsp;(faire un clic droit de la souris, puis enregistrer le lien sous)&nbsp;&nbsp;<a href=\"http:\/\/cycloclubremois.com\/wp-content\/uploads\/2025\/12\/INSCRIPTION-RDN-2026.pdf\">ici<\/a><\/div>\n<\/div>\n<\/div>\n<p><a href=\"https:\/\/www.openrunner.com\/route-details\/19931487\"><img loading=\"lazy\" decoding=\"async\" class=\"aligncenter size-full wp-image-48281\" src=\"http:\/\/cycloclubremois.com\/wp-content\/uploads\/2025\/12\/Etape2_PP.png\" alt=\"\" width=\"1334\" height=\"1068\" srcset=\"https:\/\/cycloclubremois.com\/wp-content\/uploads\/2025\/12\/Etape2_PP.png 1334w, https:\/\/cycloclubremois.com\/wp-content\/uploads\/2025\/12\/Etape2_PP-300x240.png 300w, https:\/\/cycloclubremois.com\/wp-content\/uploads\/2025\/12\/Etape2_PP-768x615.png 768w, https:\/\/cycloclubremois.com\/wp-content\/uploads\/2025\/12\/Etape2_PP-1024x820.png 1024w\" sizes=\"auto, (max-width: 1334px) 100vw, 1334px\" \/><\/a><\/p>\n<p><!-- Espace de 50px --><\/p>\n<div style=\"height: 50px;\">&nbsp;<\/div>\n<p>&nbsp;<\/p>\n<h1>Consignes de s\u00e9curit\u00e9<\/h1>\n<div style=\"display: flex; align-items: stretch; margin-bottom: 15px;\">\n<div style=\"background-color: #ff6b35; color: white; padding: 12px; display: flex; align-items: center; justify-content: center; min-width: 70px; font-size: 24px;\">\u26a0<\/div>\n<div class=\"attention-box\" style=\"flex: 1; margin-left: 0; border-radius: 0 4px 4px 0; border-left: none;\">\n<p>Le participant ne b\u00e9n\u00e9ficie en aucun cas d\u2019une priorit\u00e9 de passage. Il se doit d\u2019appliquer les dispositions du code de la route, de respecter les consignes verbales et \u00e9crites de l\u2019organisation, d\u2019ex\u00e9cuter les injonctions des services de police ou de gendarmerie.La responsabilit\u00e9 personnelle du participant demeure pleine et enti\u00e8re au regard de ces dispositions, prescriptions et injonctions.<\/p>\n<p>Pour \u00eatre bien vu sur la route, \u00e9vitez de porter des v\u00eatements sombres. Pour rester visible en toutes circonstances, il est \u00e9galement conseill\u00e9 de porter, de jour comme de nuit, un casque et un gilet jaune haute visibilit\u00e9 (fluorescent et r\u00e9tro-r\u00e9fl\u00e9chissant).<br \/>\nCe dernier est obligatoire hors agglom\u00e9ration la nuit et de jour lorsque la visibilit\u00e9 est r\u00e9duite. Par mauvais temps, neige, brouillard et verglas, chacun doit d\u00e9cider personnellement de rouler ou de ne pas rouler.<br \/>\nSur la route ne roulez pas \u00e0 plus de deux de front.<br \/>\nEn cas d\u2019alerte m\u00e9t\u00e9o, l\u2019activit\u00e9 sera supprim\u00e9e.<br \/>\nContact : pascal.annould@gmail.com<br \/>\nT\u00e9l : 06 63 68 07 53<\/p>\n<\/div>\n<\/div>\n<p><!-- Espace de 50px --><\/p>\n<div style=\"height: 50px;\">&nbsp;<\/div>\n<p>&nbsp;<\/p>\n<div id=\"compte-rendu\">&nbsp;<\/div>\n<h1>Compte rendu<\/h1>\n<div style=\"\n    max-width: 800px;\n    margin: 0 auto;\n    padding: 25px;\n    font-family: 'Segoe UI', Tahoma, Geneva, Verdana, sans-serif;\n    color: #333;\n    background-color: #fff;\n    border-radius: 10px;\n    box-shadow: 0 4px 12px rgba(0, 0, 0, 0.1);\n    display: flex;\n    flex-wrap: wrap;\n\"><\/p>\n<p>    <!-- En-t\u00eate avec fond color\u00e9 --><\/p>\n<div style=\"\n        background: linear-gradient(135deg, #e74c3c, #f39c12);\n        color: white;\n        padding: 20px;\n        border-radius: 8px 8px 0 0;\n        text-align: center;\n        margin: -25px -25px 20px -25px;\n        box-shadow: 0 4px 8px rgba(0, 0, 0, 0.1);\n        width: calc(100% + 50px);\n    \"><\/p>\n<h1 style=\"margin: 0; font-size: 24px;\">Compte rendu - 2\u00e8me \u00e9tape du Rallye des Neiges 2026<\/h1>\n<\/p><\/div>\n<p>    <!-- Conteneur principal en deux colonnes --><\/p>\n<div style=\"display: flex; width: 100%; margin-bottom: 20px;\">\n<p>        <!-- Colonne de gauche : titre \"Compte rendu\" --><\/p>\n<div style=\"\n            background-color: #f8f9fa;\n            padding: 20px;\n            border-radius: 8px;\n            width: 25%;\n            text-align: center;\n            font-weight: bold;\n            color: #e74c3c;\n            font-size: 18px;\n            display: flex;\n            align-items: center;\n            justify-content: center;\n        \"><br \/>\n            Compte Rendu\n        <\/div>\n<p>        <!-- Colonne de droite : texte du compte rendu --><\/p>\n<div style=\"\n            background-color: #fefefe;\n            padding: 20px;\n            border-radius: 8px;\n            width: 75%;\n            line-height: 1.6;\n            font-size: 16px;\n        \"><br \/>\n            <!-- Paragraphe 1 --><\/p>\n<div style=\"margin-bottom: 15px; display: flex; align-items: flex-start;\">\n<div style=\"margin-right: 10px; color: #e74c3c; font-size: 18px;\">\ud83d\udcc5<\/div>\n<p style=\"margin: 0;\">\n                    Ci-dessous le compte rendu de l'\u00e9tape num\u00e9ro qui faisait halte \u00e0 Mailly Champagne :\n                <\/p>\n<\/p><\/div>\n<p>            <!-- Paragraphe 2 --><\/p>\n<div style=\"margin-bottom: 15px; display: flex; align-items: flex-start;\">\n<div style=\"margin-right: 10px; color: #e74c3c; font-size: 18px;\">\u2744\ufe0f<\/div>\n<p style=\"margin: 0;\">\n                    Ceux qui se demandent encore c'est quoi le Rallye Des Neiges \u00e0 Reims ?\n                <\/p>\n<\/p><\/div>\n<p>            <!-- Paragraphe 3 --><\/p>\n<div style=\"margin-bottom: 15px; display: flex; align-items: flex-start;\">\n<div style=\"margin-right: 10px; color: #e74c3c; font-size: 18px;\">\ud83c\udf21\ufe0f<\/div>\n<p style=\"margin: 0;\">\n                    C'est une temp\u00e9rature rest\u00e9e n\u00e9gative toute la semaine avec de la neige, du vent \u00e0 gogo et j'en passe !\n                <\/p>\n<\/p><\/div>\n<p>            <!-- Paragraphe 4 --><\/p>\n<div style=\"margin-bottom: 15px; display: flex; align-items: flex-start;\">\n<div style=\"margin-right: 10px; color: #e74c3c; font-size: 18px;\">\ud83d\udeb4\u200d\u2642\ufe0f<\/div>\n<p style=\"margin: 0;\">\n                    Mais avant tout ce sont des participants qui se l\u00e8vent t\u00f4t le dimanche matin en inspectant le ciel et l'\u00e9tat des routes et qui se disent on peut y aller !\n                <\/p>\n<\/p><\/div>\n<p>            <!-- Paragraphe 5 --><\/p>\n<div style=\"margin-bottom: 15px; display: flex; align-items: flex-start;\">\n<div style=\"margin-right: 10px; color: #e74c3c; font-size: 18px;\">\ud83d\udc4f<\/div>\n<p style=\"margin: 0;\">\n                    Je dis Bravo \u00e0 tous ces vaillants cyclistes.\n                <\/p>\n<\/p><\/div>\n<p>            <!-- Paragraphe 6 --><\/p>\n<div style=\"margin-bottom: 15px; display: flex; align-items: flex-start;\">\n<div style=\"margin-right: 10px; color: #e74c3c; font-size: 18px;\">\u2615<\/div>\n<p style=\"margin: 0;\">\n                    Au ravitaillement, je remarque leur bonne humeur, jamais une parole n\u00e9gative.\n                <\/p>\n<\/p><\/div>\n<p>            <!-- Paragraphe 7 --><\/p>\n<div style=\"margin-bottom: 15px; display: flex; align-items: flex-start;\">\n<div style=\"margin-right: 10px; color: #e74c3c; font-size: 18px;\">\ud83d\udcaa<\/div>\n<p style=\"margin: 0;\">\n                    Ils ne parlent que du bonheur de pratiquer leur sport favori, ce qui les honore.\n                <\/p>\n<\/p><\/div>\n<p>            <!-- Paragraphe 8 --><\/p>\n<div style=\"margin-bottom: 15px; display: flex; align-items: flex-start;\">\n<div style=\"margin-right: 10px; color: #e74c3c; font-size: 18px;\">\ud83c\udf89<\/div>\n<p style=\"margin: 0;\">\n                    Bonne continuation \u00e0 vous, nous serons toujours l\u00e0 pour vous accompagner avec l'\u00e9quipe des b\u00e9n\u00e9voles du C.C.R.\n                <\/p>\n<\/p><\/div>\n<p>            <!-- Paragraphe 9 --><\/p>\n<div style=\"margin-bottom: 15px; display: flex; align-items: flex-start;\">\n<div style=\"margin-right: 10px; color: #e74c3c; font-size: 18px;\">\ud83d\udccd<\/div>\n<p style=\"margin: 0;\">\n                    Rendez-vous, dimanche prochain \u00e0 Hermonville.\n                <\/p>\n<\/p><\/div>\n<p>            <!-- Paragraphe 10 --><\/p>\n<div style=\"margin-bottom: 15px; display: flex; align-items: flex-start;\">\n<div style=\"margin-right: 10px; color: #e74c3c; font-size: 18px;\">\ud83d\udc68\u200d\ud83c\udf73<\/div>\n<p style=\"margin: 0;\">\n                    Bonne semaine<br \/>\n                    Florian et son \u00e9quipe de gentils b\u00e9n\u00e9voles !\n                <\/p>\n<\/p><\/div>\n<\/p><\/div>\n<\/p><\/div>\n<p>    <!-- Pied de page --><\/p>\n<div style=\"text-align: center; margin-top: 20px; font-style: italic; color: #777; width: 100%;\">\n<p>Cyclo Club R\u00e9mois - Rallye des Neiges 2026<\/p>\n<\/p><\/div>\n<\/div>\n<p><!-- Espace de 50px --><\/p>\n<div style=\"height: 50px;\">&nbsp;<\/div>\n<p>&nbsp;<\/p>\n<h1>Photos<\/h1>\n<p><strong>Cliquez<\/strong>&nbsp;sur la photo ci-dessous pour acc\u00e9der aux photos de cette deuxi\u00e8me \u00e9tape<\/p>\n<p><a href=\"https:\/\/cycloclubremois.com\/index.php\/rdn2026_etape02\/\"><img loading=\"lazy\" decoding=\"async\" class=\"aligncenter size-medium wp-image-49555\" src=\"https:\/\/cycloclubremois.com\/wp-content\/uploads\/2026\/01\/RDN2026_Etape02_20-300x199.jpg\" alt=\"\" width=\"300\" height=\"199\" srcset=\"https:\/\/cycloclubremois.com\/wp-content\/uploads\/2026\/01\/RDN2026_Etape02_20-300x199.jpg 300w, https:\/\/cycloclubremois.com\/wp-content\/uploads\/2026\/01\/RDN2026_Etape02_20-768x511.jpg 768w, https:\/\/cycloclubremois.com\/wp-content\/uploads\/2026\/01\/RDN2026_Etape02_20-1024x681.jpg 1024w\" sizes=\"auto, (max-width: 300px) 100vw, 300px\" \/><\/a><\/p>\n<p>&nbsp;<\/p>\n<div style=\"position: fixed; bottom: 30px; right: 30px; z-index: 9999;\"><a style=\"display: block; width: 45px; height: 45px; background-color: #e74c3c; color: white; border-radius: 50%; text-align: center; line-height: 45px; text-decoration: none; font-size: 20px; box-shadow: 0 2px 5px rgba(0, 0, 0, 0.3); font-weight: bold; transition: all 0.3s ease;\" href=\"#top-page\">\u2191<\/a><\/div>\n","protected":false},"excerpt":{"rendered":"<p>\u2191 &nbsp; Pour t\u00e9l\u00e9charger le fichier pdf de tous les parcours, cliquez ici Etape 2 du Rallye des neiges du Cyclo Club R\u00e9mois \u2744\ufe0f Etape 2 &#8211; Le grand parcours \u2744\ufe0f Dimanche 11 janvier 2026 \u23f0 D\u00e9part libre \ud83d\udcb0 Tarif: carte verte ou 2\u20ac \ud83d\udeb4 Etape 2 &#8211; Grand parcours : Reims \u2013 Voie verte&#8230;<\/p>\n","protected":false},"author":1,"featured_media":0,"parent":0,"menu_order":0,"comment_status":"open","ping_status":"closed","template":"onecolumn-page.php","meta":{"_acf_changed":false,"inline_featured_image":false,"ngg_post_thumbnail":0,"_kad_post_transparent":"","_kad_post_title":"","_kad_post_layout":"","_kad_post_sidebar_id":"","_kad_post_content_style":"","_kad_post_vertical_padding":"","_kad_post_feature":"","_kad_post_feature_position":"","_kad_post_header":false,"_kad_post_footer":false,"_kad_post_classname":"","footnotes":""},"folder":[],"class_list":["post-48276","page","type-page","status-publish","hentry"],"acf":[],"_links":{"self":[{"href":"https:\/\/cycloclubremois.com\/index.php\/wp-json\/wp\/v2\/pages\/48276","targetHints":{"allow":["GET"]}}],"collection":[{"href":"https:\/\/cycloclubremois.com\/index.php\/wp-json\/wp\/v2\/pages"}],"about":[{"href":"https:\/\/cycloclubremois.com\/index.php\/wp-json\/wp\/v2\/types\/page"}],"author":[{"embeddable":true,"href":"https:\/\/cycloclubremois.com\/index.php\/wp-json\/wp\/v2\/users\/1"}],"replies":[{"embeddable":true,"href":"https:\/\/cycloclubremois.com\/index.php\/wp-json\/wp\/v2\/comments?post=48276"}],"version-history":[{"count":22,"href":"https:\/\/cycloclubremois.com\/index.php\/wp-json\/wp\/v2\/pages\/48276\/revisions"}],"predecessor-version":[{"id":49564,"href":"https:\/\/cycloclubremois.com\/index.php\/wp-json\/wp\/v2\/pages\/48276\/revisions\/49564"}],"wp:attachment":[{"href":"https:\/\/cycloclubremois.com\/index.php\/wp-json\/wp\/v2\/media?parent=48276"}],"wp:term":[{"taxonomy":"folder","embeddable":true,"href":"https:\/\/cycloclubremois.com\/index.php\/wp-json\/wp\/v2\/folder?post=48276"}],"curies":[{"name":"wp","href":"https:\/\/api.w.org\/{rel}","templated":true}]}}