{"id":48191,"date":"2025-12-08T11:17:48","date_gmt":"2025-12-08T10:17:48","guid":{"rendered":"http:\/\/cycloclubremois.com\/?page_id=48191"},"modified":"2026-01-10T17:01:56","modified_gmt":"2026-01-10T16:01:56","slug":"etape-1-rdn","status":"publish","type":"page","link":"https:\/\/cycloclubremois.com\/index.php\/etape-1-rdn\/","title":{"rendered":"Etape 1 &#8211; Lavannes"},"content":{"rendered":"<div style=\"position: fixed; bottom: 30px; right: 30px; z-index: 9999;\"><a style=\"display: block; width: 45px; height: 45px; background-color: #e74c3c; color: white; border-radius: 50%; text-align: center; line-height: 45px; text-decoration: none; font-size: 20px; box-shadow: 0 2px 5px rgba(0, 0, 0, 0.3); font-weight: bold; transition: all 0.3s ease;\" href=\"#top-page\">\u2191<\/a><\/div>\n<p><!-- Ancre en haut de page (\u00e0 placer tout en haut de ta page) --><\/p>\n<div id=\"top-page\">&nbsp;<\/div>\n<p style=\"text-align: right;\"><span style=\"color: #ff0000;\">Pour t\u00e9l\u00e9charger le fichier pdf de tous les parcours, cliquez <a style=\"color: #ff0000;\" href=\"https:\/\/cycloclubremois.com\/wp-content\/uploads\/2026\/01\/PARCOURS-R.D.N-2026-3.pdf\">ici<\/a><\/span><\/p>\n<p><img loading=\"lazy\" decoding=\"async\" class=\"\" src=\"http:\/\/cycloclubremois.com\/wp-content\/uploads\/2024\/02\/logo-ccr-ext2.jpg\" width=\"249\" height=\"249\"><\/p>\n<div style=\"background-color: #f9f2e8; padding: 12px; margin: 0 0 15px 0; border-bottom: 1px solid #e0e0e0; \/* bordure fine en bas *\/ font-size: 18px; font-weight: 600; text-align: center;\">Etape 1 du Rallye des neiges du Cyclo Club R\u00e9mois<\/div>\n<p><!-- Bloc titre hivernal --><\/p>\n<div class=\"hiver-title\">\u2744\ufe0f Etape 1 - Le grand parcours<\/div>\n<p><!-- Bloc date --><\/p>\n<div class=\"hiver-info\">\u2744\ufe0f Dimanche 04 janvier 2026<\/div>\n<p><!-- Bloc d\u00e9part --><\/p>\n<div class=\"hiver-info\">\u23f0 D\u00e9part libre<\/div>\n<p><!-- Bloc tarif --><\/p>\n<div class=\"hiver-info\">\ud83d\udcb0 Tarif: carte verte ou 2\u20ac<\/div>\n<p><!-- Bloc parcours hivernal --><\/p>\n<div class=\"hiver-parcours-box\">\n<div class=\"hiver-parcours-icon\">\ud83d\udeb4<\/div>\n<div class=\"hiver-parcours-content\"><strong>Etape 1 - Grand parcours :<\/strong><br \/>\nReims \u2013 St Brice Courcelles \u2013 Champigny \u2013 M\u00e2co - Merfy - Pouillon - Villers Franqueux - Loivre - Berm\u00e9ricourt - Bourgogne - D 274 - D 20 - Boult \/ Suippe - Fresne les Reims - Pomacle - <span style=\"color: #ff0000;\"><strong>Lavannes<\/strong> <\/span>\u2013 Caurel - Witry les Reims - B\u00e9theny - Reims<\/p>\n<div class=\"hiver-details\"><span class=\"hiver-snowflake\">\u2744\ufe0f<\/span><br \/>\n<a href=\"https:\/\/www.openrunner.com\/route-details\/17841310\">Parcours sur Openrunner<\/a><\/div>\n<div class=\"hiver-details\"><span class=\"hiver-snowflake\">\ud83d\udcc4<\/span> Parcours \u00e0 imprimer (faire un clic droit de la souris, puis enregistrer le lien sous)&nbsp;<a href=\"http:\/\/cycloclubremois.com\/wp-content\/uploads\/2025\/12\/PARCOURS-R.D.N-2026.pdf\">ici<\/a><\/div>\n<div class=\"hiver-details\"><span class=\"hiver-snowflake\">\ud83d\udcdd<\/span> Bulletin inscription \u00e0 imprimer&nbsp;(faire un clic droit de la souris, puis enregistrer le lien sous)&nbsp;&nbsp;<a href=\"http:\/\/cycloclubremois.com\/wp-content\/uploads\/2025\/12\/INSCRIPTION-RDN-2026.pdf\">ici<\/a><\/div>\n<\/div>\n<\/div>\n<p><a href=\"https:\/\/www.openrunner.com\/route-details\/17841310\"><img loading=\"lazy\" decoding=\"async\" class=\"aligncenter size-full wp-image-48264\" src=\"http:\/\/cycloclubremois.com\/wp-content\/uploads\/2025\/12\/Etape1_Lavannes_GP.png\" alt=\"\" width=\"1332\" height=\"1053\" srcset=\"https:\/\/cycloclubremois.com\/wp-content\/uploads\/2025\/12\/Etape1_Lavannes_GP.png 1332w, https:\/\/cycloclubremois.com\/wp-content\/uploads\/2025\/12\/Etape1_Lavannes_GP-300x237.png 300w, https:\/\/cycloclubremois.com\/wp-content\/uploads\/2025\/12\/Etape1_Lavannes_GP-768x607.png 768w, https:\/\/cycloclubremois.com\/wp-content\/uploads\/2025\/12\/Etape1_Lavannes_GP-1024x810.png 1024w\" sizes=\"auto, (max-width: 1332px) 100vw, 1332px\" \/><\/a><\/p>\n<p><!-- Espace de 50px --><\/p>\n<div style=\"height: 50px;\">&nbsp;<\/div>\n<p><!-- Bloc titre hivernal --><\/p>\n<div class=\"hiver-title\">\u2744\ufe0f Etape 1 - Le petit parcours<\/div>\n<p><!-- Bloc date --><\/p>\n<div class=\"hiver-info\">\u2744\ufe0f Dimanche 04 janvier 2026<\/div>\n<p><!-- Bloc d\u00e9part --><\/p>\n<div class=\"hiver-info\">\u23f0 D\u00e9part libre<\/div>\n<p><!-- Bloc tarif --><\/p>\n<div class=\"hiver-info\">\ud83d\udcb0 Tarif: carte verte ou 2\u20ac<\/div>\n<p><!-- Bloc parcours hivernal --><\/p>\n<div class=\"hiver-parcours-box\">\n<div class=\"hiver-parcours-icon\">\ud83d\udeb4<\/div>\n<div class=\"hiver-parcours-content\"><strong>Etape 1 - Petit parcours :<\/strong><br \/>\nReims - B\u00e9theny - Bourgogne - Aum\u00e9nancourt le Petit - Aum\u00e9nancourt le Grand - St Etienne \/ Suippe - Boult \/ Suippe \u2013 D74 - rond point \u00e0 gauche \u2013 D20A \u2013 D 31 - Fresne les Reims - Pomacle - <span style=\"color: #ff0000;\">Lavannes<\/span> \u2013 Caurel - Witry les Reims - B\u00e9theny - Reims<\/p>\n<div class=\"hiver-details\"><span class=\"hiver-snowflake\">\u2744\ufe0f<\/span><br \/>\n<a href=\"https:\/\/www.openrunner.com\/route-details\/17843125\">Parcours sur Openrunner<\/a><\/div>\n<div class=\"hiver-details\"><span class=\"hiver-snowflake\">\ud83d\udcc4<\/span> Parcours \u00e0 imprimer (faire un clic droit de la souris, puis enregistrer le lien sous)&nbsp;<a href=\"http:\/\/cycloclubremois.com\/wp-content\/uploads\/2025\/12\/PARCOURS-R.D.N-2026.pdf\">ici<\/a><\/div>\n<div class=\"hiver-details\"><span class=\"hiver-snowflake\">\ud83d\udcdd<\/span> Bulletin inscription \u00e0 imprimer&nbsp;(faire un clic droit de la souris, puis enregistrer le lien sous)&nbsp;&nbsp;<a href=\"http:\/\/cycloclubremois.com\/wp-content\/uploads\/2025\/12\/INSCRIPTION-RDN-2026.pdf\">ici<\/a><\/div>\n<\/div>\n<\/div>\n<p><a href=\"https:\/\/www.openrunner.com\/route-details\/17843125\"><img loading=\"lazy\" decoding=\"async\" class=\"aligncenter size-full wp-image-48263\" src=\"http:\/\/cycloclubremois.com\/wp-content\/uploads\/2025\/12\/Etape1_Lavannes_PP.png\" alt=\"\" width=\"1339\" height=\"1025\" srcset=\"https:\/\/cycloclubremois.com\/wp-content\/uploads\/2025\/12\/Etape1_Lavannes_PP.png 1339w, https:\/\/cycloclubremois.com\/wp-content\/uploads\/2025\/12\/Etape1_Lavannes_PP-300x230.png 300w, https:\/\/cycloclubremois.com\/wp-content\/uploads\/2025\/12\/Etape1_Lavannes_PP-768x588.png 768w, https:\/\/cycloclubremois.com\/wp-content\/uploads\/2025\/12\/Etape1_Lavannes_PP-1024x784.png 1024w\" sizes=\"auto, (max-width: 1339px) 100vw, 1339px\" \/><\/a><\/p>\n<p><!-- Espace de 50px --><\/p>\n<div style=\"height: 50px;\">&nbsp;<\/div>\n<p>&nbsp;<\/p>\n<h1>Consignes de s\u00e9curit\u00e9<\/h1>\n<div style=\"display: flex; align-items: stretch; margin-bottom: 15px;\">\n<div style=\"background-color: #ff6b35; color: white; padding: 12px; display: flex; align-items: center; justify-content: center; min-width: 70px; font-size: 24px;\">\u26a0<\/div>\n<div class=\"attention-box\" style=\"flex: 1; margin-left: 0; border-radius: 0 4px 4px 0; border-left: none;\">\n<p>Le participant ne b\u00e9n\u00e9ficie en aucun cas d\u2019une priorit\u00e9 de passage. Il se doit d\u2019appliquer les dispositions du code de la route, de respecter les consignes verbales et \u00e9crites de l\u2019organisation, d\u2019ex\u00e9cuter les injonctions des services de police ou de gendarmerie.La responsabilit\u00e9 personnelle du participant demeure pleine et enti\u00e8re au regard de ces dispositions, prescriptions et injonctions.<\/p>\n<p>Pour \u00eatre bien vu sur la route, \u00e9vitez de porter des v\u00eatements sombres. Pour rester visible en toutes circonstances, il est \u00e9galement conseill\u00e9 de porter, de jour comme de nuit, un casque et un gilet jaune haute visibilit\u00e9 (fluorescent et r\u00e9tro-r\u00e9fl\u00e9chissant).<br \/>\nCe dernier est obligatoire hors agglom\u00e9ration la nuit et de jour lorsque la visibilit\u00e9 est r\u00e9duite. Par mauvais temps, neige, brouillard et verglas, chacun doit d\u00e9cider personnellement de rouler ou de ne pas rouler.<br \/>\nSur la route ne roulez pas \u00e0 plus de deux de front.<br \/>\nEn cas d\u2019alerte m\u00e9t\u00e9o, l\u2019activit\u00e9 sera supprim\u00e9e.<br \/>\nContact : pascal.annould@gmail.com<br \/>\nT\u00e9l : 06 63 68 07 53<\/p>\n<\/div>\n<\/div>\n<p><!-- Espace de 50px --><\/p>\n<div style=\"height: 50px;\">&nbsp;<\/div>\n<div id=\"compte-rendu\">&nbsp;<\/div>\n<h1>Compte rendu<\/h1>\n<p><!-- Espace de 20px --><\/p>\n<div style=\"max-width: 800px; margin: 0 auto; padding: 25px; font-family: 'Segoe UI', Tahoma, Geneva, Verdana, sans-serif; color: #333; background-color: #fff; border-radius: 10px; box-shadow: 0 4px 12px rgba(0, 0, 0, 0.1); display: flex; flex-wrap: wrap;\">\n<p><!-- En-t\u00eate avec fond color\u00e9 --><\/p>\n<div style=\"background: linear-gradient(135deg, #e74c3c, #f39c12); color: white; padding: 20px; border-radius: 8px 8px 0 0; text-align: center; margin: -25px -25px 20px -25px; box-shadow: 0 4px 8px rgba(0, 0, 0, 0.1); width: calc(100% + 50px);\">\n<h1 style=\"margin: 0; font-size: 24px;\">1\u00e8re \u00e9tape du Rallye des Neiges 2026<\/h1>\n<\/div>\n<p><!-- Conteneur principal en deux colonnes --><\/p>\n<div style=\"display: flex; width: 100%; margin-bottom: 20px;\">\n<p><!-- Colonne de gauche : titre \"Compte rendu\" --><\/p>\n<div style=\"background-color: #f8f9fa; padding: 20px; border-radius: 8px; width: 25%; text-align: center; font-weight: bold; color: #e74c3c; font-size: 18px; display: flex; align-items: center; justify-content: center;\">Compte Rendu<\/div>\n<p><!-- Colonne de droite : texte du compte rendu --><\/p>\n<div style=\"background-color: #fefefe; padding: 20px; border-radius: 8px; width: 75%; line-height: 1.6; font-size: 16px;\">\n<p><!-- Paragraphe 1 --><\/p>\n<div style=\"margin-bottom: 15px; display: flex; align-items: flex-start;\">\n<div style=\"margin-right: 10px; color: #e74c3c; font-size: 18px;\">\ud83d\udcc5<\/div>\n<p style=\"margin: 0;\">La 1\u00e8re \u00e9tape de la 61\u00e8me \u00e9dition du Rallye des Neiges s'est d\u00e9roul\u00e9e ce dimanche <strong>4 janvier 2026<\/strong>.<\/p>\n<\/div>\n<p><!-- Paragraphe 2 --><\/p>\n<div style=\"margin-bottom: 15px; display: flex; align-items: flex-start;\">\n<div style=\"margin-right: 10px; color: #e74c3c; font-size: 18px;\">\ud83d\udeb4\u200d\u2642\ufe0f<\/div>\n<p style=\"margin: 0;\">C'est par un froid polaire, mais sous un soleil g\u00e9n\u00e9reux, que <strong>100 courageux cyclistes<\/strong> se sont \u00e9lanc\u00e9s sur les routes marnaises.<\/p>\n<\/div>\n<p><!-- Paragraphe 3 --><\/p>\n<div style=\"margin-bottom: 15px; display: flex; align-items: flex-start;\">\n<div style=\"margin-right: 10px; color: #e74c3c; font-size: 18px;\">\ud83c\udfc6<\/div>\n<p style=\"margin: 0;\">Notre \u00e9quipe de 10 b\u00e9n\u00e9voles les a accueillis au g\u00eete <strong>Les C\u00e9lestines \u00e0 Lavannes<\/strong>, pour une collation bien m\u00e9rit\u00e9e.<\/p>\n<\/div>\n<p><!-- Paragraphe 4 --><\/p>\n<div style=\"margin-bottom: 15px; display: flex; align-items: flex-start;\">\n<div style=\"margin-right: 10px; color: #e74c3c; font-size: 18px;\">\ud83d\udc4f<\/div>\n<p style=\"margin: 0;\">Nous les f\u00e9licitons tous (cyclistes et b\u00e9n\u00e9voles) pour leur engagement.<\/p>\n<\/div>\n<p><!-- Paragraphe 5 --><\/p>\n<div style=\"margin-bottom: 15px; display: flex; align-items: flex-start;\">\n<div style=\"margin-right: 10px; color: #e74c3c; font-size: 18px;\">\ud83d\udc90<\/div>\n<p style=\"margin: 0;\">Et le Club remercie chaleureusement Mme Garnotel pour son accueil dans les d\u00e9pendances de son g\u00eete.<\/p>\n<\/div>\n<p><!-- Paragraphe 6 --><\/p>\n<div style=\"margin-bottom: 15px; display: flex; align-items: flex-start;\">\n<div style=\"margin-right: 10px; color: #e74c3c; font-size: 18px;\">\ud83c\udf24\ufe0f<\/div>\n<p style=\"margin: 0;\">En esp\u00e9rant une m\u00e9t\u00e9o cl\u00e9mente dimanche prochain, nous vous souhaitons vous voir encore plus nombreux au ravitaillement pr\u00e9vu \u00e0 Mailly, \u00e0 l\u2019\u00e9cole \u00e9l\u00e9mentaire rue du Docteur Ernest Chevalier.<\/p>\n<\/div>\n<p><!-- Paragraphe 7 --><\/p>\n<div style=\"margin-bottom: 15px; display: flex; align-items: flex-start;\">\n<div style=\"margin-right: 10px; color: #e74c3c; font-size: 18px;\">\ud83c\udf89<\/div>\n<p style=\"margin: 0;\">Toute l\u2019\u00e9quipe du CCR vous pr\u00e9sente ses meilleurs v\u0153ux pour l\u2019ann\u00e9e 2026, ainsi qu\u2019une bonne sant\u00e9 pour profiter au mieux de vos sorties v\u00e9lo.<\/p>\n<\/div>\n<\/div>\n<\/div>\n<p><!-- Pied de page --><\/p>\n<div style=\"text-align: center; margin-top: 20px; font-style: italic; color: #777; width: 100%;\">\n<p>Cyclo Club R\u00e9mois - Rallye des Neiges 2026<\/p>\n<\/div>\n<\/div>\n<p><!-- Espace de 50px --><\/p>\n<div style=\"height: 50px;\">&nbsp;<\/div>\n<h1>Photos<\/h1>\n<p><strong>Cliquez<\/strong> sur la photo ci-dessous pour acc\u00e9der aux photos de cette premi\u00e8re \u00e9tape<\/p>\n<p><a href=\"https:\/\/cycloclubremois.com\/index.php\/rdn2026_etape1\/\"><img loading=\"lazy\" decoding=\"async\" class=\"aligncenter size-full wp-image-49386\" src=\"https:\/\/cycloclubremois.com\/wp-content\/uploads\/2026\/01\/RDN2026_Etape1_022.jpg\" alt=\"\" width=\"4096\" height=\"1840\" srcset=\"https:\/\/cycloclubremois.com\/wp-content\/uploads\/2026\/01\/RDN2026_Etape1_022.jpg 4096w, https:\/\/cycloclubremois.com\/wp-content\/uploads\/2026\/01\/RDN2026_Etape1_022-300x135.jpg 300w, https:\/\/cycloclubremois.com\/wp-content\/uploads\/2026\/01\/RDN2026_Etape1_022-768x345.jpg 768w, https:\/\/cycloclubremois.com\/wp-content\/uploads\/2026\/01\/RDN2026_Etape1_022-1024x460.jpg 1024w\" sizes=\"auto, (max-width: 4096px) 100vw, 4096px\" \/><\/a><\/p>\n<p>&nbsp;<\/p>\n<div style=\"position: fixed; bottom: 30px; right: 30px; z-index: 9999;\"><a style=\"display: block; width: 45px; height: 45px; background-color: #e74c3c; color: white; border-radius: 50%; text-align: center; line-height: 45px; text-decoration: none; font-size: 20px; box-shadow: 0 2px 5px rgba(0, 0, 0, 0.3); font-weight: bold; transition: all 0.3s ease;\" href=\"#top-page\">\u2191<\/a><\/div>\n","protected":false},"excerpt":{"rendered":"<p>\u2191 &nbsp; Pour t\u00e9l\u00e9charger le fichier pdf de tous les parcours, cliquez ici Etape 1 du Rallye des neiges du Cyclo Club R\u00e9mois \u2744\ufe0f Etape 1 &#8211; Le grand parcours \u2744\ufe0f Dimanche 04 janvier 2026 \u23f0 D\u00e9part libre \ud83d\udcb0 Tarif: carte verte ou 2\u20ac \ud83d\udeb4 Etape 1 &#8211; Grand parcours : Reims \u2013 St Brice&#8230;<\/p>\n","protected":false},"author":1,"featured_media":0,"parent":0,"menu_order":0,"comment_status":"closed","ping_status":"closed","template":"onecolumn-page.php","meta":{"_acf_changed":false,"inline_featured_image":false,"ngg_post_thumbnail":0,"_kad_post_transparent":"","_kad_post_title":"","_kad_post_layout":"","_kad_post_sidebar_id":"","_kad_post_content_style":"","_kad_post_vertical_padding":"","_kad_post_feature":"","_kad_post_feature_position":"","_kad_post_header":false,"_kad_post_footer":false,"_kad_post_classname":"","footnotes":""},"folder":[],"class_list":["post-48191","page","type-page","status-publish","hentry"],"acf":[],"_links":{"self":[{"href":"https:\/\/cycloclubremois.com\/index.php\/wp-json\/wp\/v2\/pages\/48191","targetHints":{"allow":["GET"]}}],"collection":[{"href":"https:\/\/cycloclubremois.com\/index.php\/wp-json\/wp\/v2\/pages"}],"about":[{"href":"https:\/\/cycloclubremois.com\/index.php\/wp-json\/wp\/v2\/types\/page"}],"author":[{"embeddable":true,"href":"https:\/\/cycloclubremois.com\/index.php\/wp-json\/wp\/v2\/users\/1"}],"replies":[{"embeddable":true,"href":"https:\/\/cycloclubremois.com\/index.php\/wp-json\/wp\/v2\/comments?post=48191"}],"version-history":[{"count":68,"href":"https:\/\/cycloclubremois.com\/index.php\/wp-json\/wp\/v2\/pages\/48191\/revisions"}],"predecessor-version":[{"id":49455,"href":"https:\/\/cycloclubremois.com\/index.php\/wp-json\/wp\/v2\/pages\/48191\/revisions\/49455"}],"wp:attachment":[{"href":"https:\/\/cycloclubremois.com\/index.php\/wp-json\/wp\/v2\/media?parent=48191"}],"wp:term":[{"taxonomy":"folder","embeddable":true,"href":"https:\/\/cycloclubremois.com\/index.php\/wp-json\/wp\/v2\/folder?post=48191"}],"curies":[{"name":"wp","href":"https:\/\/api.w.org\/{rel}","templated":true}]}}