{"id":44814,"date":"2024-12-03T14:38:35","date_gmt":"2024-12-03T13:38:35","guid":{"rendered":"http:\/\/cycloclubremois.com\/?page_id=44814"},"modified":"2024-12-03T16:58:38","modified_gmt":"2024-12-03T15:58:38","slug":"archive-photos-activite-c-c-r-2024","status":"publish","type":"page","link":"https:\/\/cycloclubremois.com\/index.php\/photos\/archive-photos-activite-c-c-r-2024\/","title":{"rendered":"Archive photos activit\u00e9 C.C.R 2024"},"content":{"rendered":"<h1><strong>Retrouvez tous les reportages photos de l\u2019ann\u00e9e 2024 du Cyclo Club R\u00e9mois ( Cliquez sur chaque vignette pour voir le diaporama)<\/strong><\/h1>\n<p><strong><span style=\"font-size: 18pt; color: #800000;\">Le Rallye des Neiges <\/span><\/strong><\/p>\n<p>ngg_shortcode_0_placeholder<strong><span style=\"font-size: 18pt; color: #800000;\">Les Brevets&nbsp; <\/span><\/strong><\/p>\n<p>ngg_shortcode_1_placeholder<span style=\"font-size: 18pt;\"><strong><span style=\"color: #800000;\">Le B.C.M.R <\/span><\/strong><\/span><\/p>\n<p>ngg_shortcode_2_placeholder<strong><span style=\"font-size: 18pt; color: #800000;\">Les Activit\u00e9s 2024 <\/span><\/strong><\/p>\nngg_shortcode_3_placeholder\n","protected":false},"excerpt":{"rendered":"<p>Retrouvez tous les reportages photos de l\u2019ann\u00e9e 2024 du Cyclo Club R\u00e9mois ( Cliquez sur chaque vignette pour voir le diaporama) Le Rallye des Neiges Les Brevets&nbsp; Le B.C.M.R Les Activit\u00e9s 2024<\/p>\n","protected":false},"author":1,"featured_media":0,"parent":6337,"menu_order":12,"comment_status":"open","ping_status":"closed","template":"","meta":{"_acf_changed":false,"inline_featured_image":false,"ngg_post_thumbnail":0,"_kad_post_transparent":"","_kad_post_title":"","_kad_post_layout":"","_kad_post_sidebar_id":"","_kad_post_content_style":"","_kad_post_vertical_padding":"","_kad_post_feature":"","_kad_post_feature_position":"","_kad_post_header":false,"_kad_post_footer":false,"_kad_post_classname":"","footnotes":""},"folder":[],"class_list":["post-44814","page","type-page","status-publish","hentry"],"acf":[],"_links":{"self":[{"href":"https:\/\/cycloclubremois.com\/index.php\/wp-json\/wp\/v2\/pages\/44814","targetHints":{"allow":["GET"]}}],"collection":[{"href":"https:\/\/cycloclubremois.com\/index.php\/wp-json\/wp\/v2\/pages"}],"about":[{"href":"https:\/\/cycloclubremois.com\/index.php\/wp-json\/wp\/v2\/types\/page"}],"author":[{"embeddable":true,"href":"https:\/\/cycloclubremois.com\/index.php\/wp-json\/wp\/v2\/users\/1"}],"replies":[{"embeddable":true,"href":"https:\/\/cycloclubremois.com\/index.php\/wp-json\/wp\/v2\/comments?post=44814"}],"version-history":[{"count":1,"href":"https:\/\/cycloclubremois.com\/index.php\/wp-json\/wp\/v2\/pages\/44814\/revisions"}],"predecessor-version":[{"id":44815,"href":"https:\/\/cycloclubremois.com\/index.php\/wp-json\/wp\/v2\/pages\/44814\/revisions\/44815"}],"up":[{"embeddable":true,"href":"https:\/\/cycloclubremois.com\/index.php\/wp-json\/wp\/v2\/pages\/6337"}],"wp:attachment":[{"href":"https:\/\/cycloclubremois.com\/index.php\/wp-json\/wp\/v2\/media?parent=44814"}],"wp:term":[{"taxonomy":"folder","embeddable":true,"href":"https:\/\/cycloclubremois.com\/index.php\/wp-json\/wp\/v2\/folder?post=44814"}],"curies":[{"name":"wp","href":"https:\/\/api.w.org\/{rel}","templated":true}]}}