{"id":42056,"date":"2023-11-28T17:41:22","date_gmt":"2023-11-28T16:41:22","guid":{"rendered":"http:\/\/cycloclubremois.com\/?page_id=42056"},"modified":"2023-11-28T19:23:05","modified_gmt":"2023-11-28T18:23:05","slug":"archives-photos-c-c-r-2023","status":"publish","type":"page","link":"https:\/\/cycloclubremois.com\/index.php\/photos\/archives-photos-c-c-r-2023\/","title":{"rendered":"Archives photos C.C.R 2023"},"content":{"rendered":"<h1 style=\"text-align: justify;\"><strong><span style=\"color: #800000;\">Retrouvez tous les reportages photos de l\u2019ann\u00e9e 2023 du Cyclo Club R\u00e9mois ( Cliquez sur chaque vignette pour voir le diaporama)<\/span><\/strong><\/h1>\n<p><strong><span style=\"font-size: 18pt; color: #3366ff;\">Le Rallye des Neiges<\/span><\/strong><\/p>\n<p>ngg_shortcode_0_placeholder<strong><span style=\"font-size: 18pt; color: #3366ff;\">Le B.C.M.R <\/span><\/strong><\/p>\n<p>ngg_shortcode_1_placeholder<strong><span style=\"font-size: 18pt; color: #3366ff;\">Activit\u00e9s C.C.R 2023 <\/span><\/strong><\/p>\nngg_shortcode_2_placeholder\n","protected":false},"excerpt":{"rendered":"<p>Retrouvez tous les reportages photos de l\u2019ann\u00e9e 2023 du Cyclo Club R\u00e9mois ( Cliquez sur chaque vignette pour voir le diaporama) Le Rallye des Neiges Le B.C.M.R Activit\u00e9s C.C.R 2023<\/p>\n","protected":false},"author":1,"featured_media":0,"parent":6337,"menu_order":14,"comment_status":"open","ping_status":"closed","template":"","meta":{"_acf_changed":false,"inline_featured_image":false,"ngg_post_thumbnail":0,"_kad_post_transparent":"","_kad_post_title":"","_kad_post_layout":"","_kad_post_sidebar_id":"","_kad_post_content_style":"","_kad_post_vertical_padding":"","_kad_post_feature":"","_kad_post_feature_position":"","_kad_post_header":false,"_kad_post_footer":false,"_kad_post_classname":"","footnotes":""},"folder":[],"class_list":["post-42056","page","type-page","status-publish","hentry"],"acf":[],"_links":{"self":[{"href":"https:\/\/cycloclubremois.com\/index.php\/wp-json\/wp\/v2\/pages\/42056","targetHints":{"allow":["GET"]}}],"collection":[{"href":"https:\/\/cycloclubremois.com\/index.php\/wp-json\/wp\/v2\/pages"}],"about":[{"href":"https:\/\/cycloclubremois.com\/index.php\/wp-json\/wp\/v2\/types\/page"}],"author":[{"embeddable":true,"href":"https:\/\/cycloclubremois.com\/index.php\/wp-json\/wp\/v2\/users\/1"}],"replies":[{"embeddable":true,"href":"https:\/\/cycloclubremois.com\/index.php\/wp-json\/wp\/v2\/comments?post=42056"}],"version-history":[{"count":2,"href":"https:\/\/cycloclubremois.com\/index.php\/wp-json\/wp\/v2\/pages\/42056\/revisions"}],"predecessor-version":[{"id":42058,"href":"https:\/\/cycloclubremois.com\/index.php\/wp-json\/wp\/v2\/pages\/42056\/revisions\/42058"}],"up":[{"embeddable":true,"href":"https:\/\/cycloclubremois.com\/index.php\/wp-json\/wp\/v2\/pages\/6337"}],"wp:attachment":[{"href":"https:\/\/cycloclubremois.com\/index.php\/wp-json\/wp\/v2\/media?parent=42056"}],"wp:term":[{"taxonomy":"folder","embeddable":true,"href":"https:\/\/cycloclubremois.com\/index.php\/wp-json\/wp\/v2\/folder?post=42056"}],"curies":[{"name":"wp","href":"https:\/\/api.w.org\/{rel}","templated":true}]}}