{"id":38830,"date":"2022-12-27T09:45:40","date_gmt":"2022-12-27T08:45:40","guid":{"rendered":"http:\/\/cycloclubremois.com\/?page_id=38830"},"modified":"2023-11-28T17:43:26","modified_gmt":"2023-11-28T16:43:26","slug":"archives-photos-2022","status":"publish","type":"page","link":"https:\/\/cycloclubremois.com\/index.php\/photos\/archives-photos-2022\/","title":{"rendered":"Archives photos 2022"},"content":{"rendered":"<h1>Retrouvez tous les reportages photos de l\u2019ann\u00e9e 2022 du Cyclo Club R\u00e9mois ( Cliquez sur chaque vignette pour voir le diaporama)<\/h1>\n<p><strong><span style=\"font-size: 14pt; color: #800000;\">Rallye des Neiges<\/span><\/strong><\/p>\n<p>ngg_shortcode_0_placeholder<strong><span style=\"font-size: 14pt; color: #800000;\">Les Brevets<\/span><\/strong><\/p>\n<p>ngg_shortcode_1_placeholder<strong><span style=\"color: #800000;\">B.C.M.R 2022<\/span><\/strong><\/p>\n<p>ngg_shortcode_2_placeholder<strong><span style=\"color: #800000;\">Activit\u00e9s 2022<\/span><\/strong><\/p>\nngg_shortcode_3_placeholder\n","protected":false},"excerpt":{"rendered":"<p>Retrouvez tous les reportages photos de l\u2019ann\u00e9e 2022 du Cyclo Club R\u00e9mois ( Cliquez sur chaque vignette pour voir le diaporama) Rallye des Neiges Les Brevets B.C.M.R 2022 Activit\u00e9s 2022<\/p>\n","protected":false},"author":1,"featured_media":0,"parent":6337,"menu_order":15,"comment_status":"closed","ping_status":"closed","template":"","meta":{"_acf_changed":false,"inline_featured_image":false,"ngg_post_thumbnail":0,"_kad_post_transparent":"","_kad_post_title":"","_kad_post_layout":"","_kad_post_sidebar_id":"","_kad_post_content_style":"","_kad_post_vertical_padding":"","_kad_post_feature":"","_kad_post_feature_position":"","_kad_post_header":false,"_kad_post_footer":false,"_kad_post_classname":"","footnotes":""},"folder":[],"class_list":["post-38830","page","type-page","status-publish","hentry"],"acf":[],"_links":{"self":[{"href":"https:\/\/cycloclubremois.com\/index.php\/wp-json\/wp\/v2\/pages\/38830","targetHints":{"allow":["GET"]}}],"collection":[{"href":"https:\/\/cycloclubremois.com\/index.php\/wp-json\/wp\/v2\/pages"}],"about":[{"href":"https:\/\/cycloclubremois.com\/index.php\/wp-json\/wp\/v2\/types\/page"}],"author":[{"embeddable":true,"href":"https:\/\/cycloclubremois.com\/index.php\/wp-json\/wp\/v2\/users\/1"}],"replies":[{"embeddable":true,"href":"https:\/\/cycloclubremois.com\/index.php\/wp-json\/wp\/v2\/comments?post=38830"}],"version-history":[{"count":3,"href":"https:\/\/cycloclubremois.com\/index.php\/wp-json\/wp\/v2\/pages\/38830\/revisions"}],"predecessor-version":[{"id":40955,"href":"https:\/\/cycloclubremois.com\/index.php\/wp-json\/wp\/v2\/pages\/38830\/revisions\/40955"}],"up":[{"embeddable":true,"href":"https:\/\/cycloclubremois.com\/index.php\/wp-json\/wp\/v2\/pages\/6337"}],"wp:attachment":[{"href":"https:\/\/cycloclubremois.com\/index.php\/wp-json\/wp\/v2\/media?parent=38830"}],"wp:term":[{"taxonomy":"folder","embeddable":true,"href":"https:\/\/cycloclubremois.com\/index.php\/wp-json\/wp\/v2\/folder?post=38830"}],"curies":[{"name":"wp","href":"https:\/\/api.w.org\/{rel}","templated":true}]}}