{"id":38315,"date":"2022-06-30T14:52:14","date_gmt":"2022-06-30T12:52:14","guid":{"rendered":"http:\/\/cycloclubremois.com\/?page_id=38315"},"modified":"2026-03-04T17:09:52","modified_gmt":"2026-03-04T16:09:52","slug":"reportage-photos-du-b-c-m-r-2022","status":"publish","type":"page","link":"https:\/\/cycloclubremois.com\/index.php\/divers\/reportage-photos-du-b-c-m-r-2022\/","title":{"rendered":"Reportage photos du B.C.M.R 2023"},"content":{"rendered":"\n<!-- ================================================\n     PAGE REPORTAGE PHOTOS BCMR 2023 - HTML\n     ================================================ -->\n\n<!-- 1. HERO -->\n<div class=\"hero-reportage-bcmr\">\n    <h1>\ud83d\udcf8 Reportage Photos BCMR 2023<\/h1>\n    <p>Revivez en images le Brevet Cyclotouriste de la Montagne de Reims 2023<\/p>\n<\/div>\n\n\n<style>.wp-block-kadence-spacer.kt-block-spacer-38315_e5c1ac-38 .kt-block-spacer{height:60px;}.wp-block-kadence-spacer.kt-block-spacer-38315_e5c1ac-38 .kt-divider{border-top-width:1px;height:1px;border-top-color:#eee;width:80%;border-top-style:solid;}<\/style>\n<div class=\"wp-block-kadence-spacer aligncenter kt-block-spacer-38315_e5c1ac-38\"><div class=\"kt-block-spacer kt-block-spacer-halign-center\"><hr class=\"kt-divider\"\/><\/div><\/div>\n\n\n\n<!-- 2. INTRO -->\n<div class=\"intro-reportage\">\n    <p>\n        <strong>Le Brevet Cyclo de La Montagne de Reims 2023, une r\u00e9ussite.<\/strong>\n    <\/p>\n    \n    <p>\n        Une m\u00e9t\u00e9o tr\u00e8s cl\u00e9mente, m\u00eame un peu trop l'apr\u00e8s-midi, a rendu un fier service \u00e0 notre B.C.M.R 2023. <strong>840 participants<\/strong> se sont \u00e9lanc\u00e9s du nouveau point de d\u00e9part situ\u00e9 au <strong>Foyer Rural de Champfleury<\/strong>, un lieu orchestr\u00e9 d'une main de ma\u00eetre par notre ami Michel Bougy.\n    <\/p>\n    \n    <p>\n        Les b\u00e9n\u00e9voles du Club, comme d'habitude ont jou\u00e9 un r\u00f4le tr\u00e8s important dans notre organisation : <strong>accueil, convivialit\u00e9, efficacit\u00e9<\/strong> \u00e9taient de mise !\n    <\/p>\n    \n    <p>\n        Monsieur le Maire de Champfleury, lors de la remise des prix a reconduit notre manifestation pour 2024. Qu'il en soit remerci\u00e9.\n    <\/p>\n    \n    <p>\n        Un grand bravo \u00e0 tous les participants qui par leurs t\u00e9moignages \u00e9loquents nous ont fait plaisir et d\u00e9cider de renouveler notre \u00e9preuve Reine en 2024.\n    <\/p>\n<\/div>\n\n\n<style>.wp-block-kadence-spacer.kt-block-spacer-38315_9f9509-f5 .kt-block-spacer{height:60px;}.wp-block-kadence-spacer.kt-block-spacer-38315_9f9509-f5 .kt-divider{border-top-width:1px;height:1px;border-top-color:#eee;width:80%;border-top-style:solid;}<\/style>\n<div class=\"wp-block-kadence-spacer aligncenter kt-block-spacer-38315_9f9509-f5\"><div class=\"kt-block-spacer kt-block-spacer-halign-center\"><hr class=\"kt-divider\"\/><\/div><\/div>\n\n\n\n<!-- 3. BLOC REMERCIEMENTS -->\n<div class=\"bloc-remerciements\">\n    <h3>Remerciements<\/h3>\n    \n    <p style=\"font-size: 17px; color: #555; margin-bottom: 20px;\">\n        <strong>Bon \u00e9t\u00e9 \u00e0 tous et encore un grand merci aux b\u00e9n\u00e9voles !<\/strong>\n    <\/p>\n    \n    <div class=\"liste-photographes\">\n        <h4 style=\"font-family: 'Rajdhani', sans-serif; font-size: 20px; font-weight: 700; color: #e67e22; margin: 0 0 15px 0;\">\n            Les photographes :\n        <\/h4>\n        <ul>\n            <li>H\u00e9l\u00e8ne B \u00e0 Champfleury<\/li>\n            <li>Jacky C \u00e0 Ch\u00e2tillon-sur-Marne<\/li>\n            <li>Pierre B \u00e0 Mailly<\/li>\n            <li>Christophe \u00e0 Bellevue<\/li>\n        <\/ul>\n    <\/div>\n    \n    <p style=\"font-size: 15px; color: #666; margin-top: 20px; text-align: center;\">\n        <em>Montage et mise en ligne : Roger H<\/em>\n    <\/p>\n<\/div>\n\n\n<style>.wp-block-kadence-spacer.kt-block-spacer-38315_0e7eb0-9e .kt-block-spacer{height:60px;}.wp-block-kadence-spacer.kt-block-spacer-38315_0e7eb0-9e .kt-divider{border-top-width:1px;height:1px;border-top-color:#eee;width:80%;border-top-style:solid;}<\/style>\n<div class=\"wp-block-kadence-spacer aligncenter kt-block-spacer-38315_0e7eb0-9e\"><div class=\"kt-block-spacer kt-block-spacer-halign-center\"><hr class=\"kt-divider\"\/><\/div><\/div>\n\n\n\n<!-- 4. GALERIES PHOTOS -->\n<h2 style=\"font-family: 'Rajdhani', sans-serif; font-size: 36px; font-weight: 700; color: #1976d2; text-transform: uppercase; letter-spacing: 2px; text-align: center; margin: 60px 0 40px 0;\">\n    \ud83d\udcf7 Les galeries photos\n<\/h2>\n\n<div class=\"galeries-grid\">\n    \n    <!-- Galerie 1 -->\n    <a href=\"https:\/\/cycloclubremois.com\/index.php\/b-c-m-r-2023-1-page\/\" class=\"galerie-card\">\n        <img decoding=\"async\" src=\"https:\/\/cycloclubremois.com\/wp-content\/gallery\/b-c-m-r-2023-1\/cache\/0.jpg-nggid0517146-ngg0dyn-91x68-00f0w010c011r110f110r010t010.jpg\" alt=\"BCMR 2023 - Partie 1\" class=\"galerie-image\">\n        <div class=\"galerie-body\">\n            <h3 class=\"galerie-titre\">B.C.M.R 2023 - Partie 1<\/h3>\n            <p class=\"galerie-nombre\"><strong>139<\/strong> Photos<\/p>\n        <\/div>\n    <\/a>\n    \n    <!-- Galerie 2 -->\n    <a href=\"https:\/\/cycloclubremois.com\/index.php\/b-c-m-r-2023-2-page\/\" class=\"galerie-card\">\n        <img decoding=\"async\" src=\"https:\/\/cycloclubremois.com\/wp-content\/gallery\/b-c-m-r-2023-2\/cache\/0.jpg-nggid0517281-ngg0dyn-91x68-00f0w010c011r110f110r010t010.jpg\" alt=\"BCMR 2023 - Partie 2\" class=\"galerie-image\">\n        <div class=\"galerie-body\">\n            <h3 class=\"galerie-titre\">B.C.M.R 2023 - Partie 2<\/h3>\n            <p class=\"galerie-nombre\"><strong>213<\/strong> Photos<\/p>\n        <\/div>\n    <\/a>\n    \n    <!-- Galerie 3 -->\n    <a href=\"https:\/\/cycloclubremois.com\/index.php\/b-c-m-r-3-page\/\" class=\"galerie-card\">\n        <img decoding=\"async\" src=\"https:\/\/cycloclubremois.com\/wp-content\/gallery\/b-c-m-r-3\/cache\/0.jpg-nggid0517494-ngg0dyn-91x68-00f0w010c011r110f110r010t010.jpg\" alt=\"BCMR 2023 - Partie 3\" class=\"galerie-image\">\n        <div class=\"galerie-body\">\n            <h3 class=\"galerie-titre\">B.C.M.R 2023 - Partie 3<\/h3>\n            <p class=\"galerie-nombre\"><strong>97<\/strong> Photos<\/p>\n        <\/div>\n    <\/a>\n    \n    <!-- Galerie 4 -->\n    <a href=\"https:\/\/cycloclubremois.com\/index.php\/b-c-m-r-2023-4-page\/\" class=\"galerie-card\">\n        <img decoding=\"async\" src=\"https:\/\/cycloclubremois.com\/wp-content\/gallery\/b-c-m-r-2023-4\/cache\/0.jpg-nggid0517591-ngg0dyn-91x68-00f0w010c011r110f110r010t010.jpg\" alt=\"BCMR 2023 - Partie 4\" class=\"galerie-image\">\n        <div class=\"galerie-body\">\n            <h3 class=\"galerie-titre\">B.C.M.R 2023 - Partie 4<\/h3>\n            <p class=\"galerie-nombre\"><strong>49<\/strong> Photos<\/p>\n        <\/div>\n    <\/a>\n    \n<\/div>\n\n\n\n\n\n<div>&nbsp;<\/div>\n\n\n\n\n","protected":false},"excerpt":{"rendered":"<p>\ud83d\udcf8 Reportage Photos BCMR 2023 Revivez en images le Brevet Cyclotouriste de la Montagne de Reims 2023 Le Brevet Cyclo de La Montagne de Reims 2023, une r\u00e9ussite. Une m\u00e9t\u00e9o tr\u00e8s cl\u00e9mente, m\u00eame un peu trop l&rsquo;apr\u00e8s-midi, a rendu un fier service \u00e0 notre B.C.M.R 2023. 840 participants se sont \u00e9lanc\u00e9s du nouveau point de&#8230;<\/p>\n","protected":false},"author":1,"featured_media":0,"parent":6368,"menu_order":1,"comment_status":"open","ping_status":"closed","template":"","meta":{"_acf_changed":false,"inline_featured_image":false,"ngg_post_thumbnail":0,"_kad_post_transparent":"","_kad_post_title":"","_kad_post_layout":"","_kad_post_sidebar_id":"","_kad_post_content_style":"","_kad_post_vertical_padding":"","_kad_post_feature":"","_kad_post_feature_position":"","_kad_post_header":false,"_kad_post_footer":false,"_kad_post_classname":"","footnotes":""},"folder":[],"class_list":["post-38315","page","type-page","status-publish","hentry"],"acf":[],"_links":{"self":[{"href":"https:\/\/cycloclubremois.com\/index.php\/wp-json\/wp\/v2\/pages\/38315","targetHints":{"allow":["GET"]}}],"collection":[{"href":"https:\/\/cycloclubremois.com\/index.php\/wp-json\/wp\/v2\/pages"}],"about":[{"href":"https:\/\/cycloclubremois.com\/index.php\/wp-json\/wp\/v2\/types\/page"}],"author":[{"embeddable":true,"href":"https:\/\/cycloclubremois.com\/index.php\/wp-json\/wp\/v2\/users\/1"}],"replies":[{"embeddable":true,"href":"https:\/\/cycloclubremois.com\/index.php\/wp-json\/wp\/v2\/comments?post=38315"}],"version-history":[{"count":13,"href":"https:\/\/cycloclubremois.com\/index.php\/wp-json\/wp\/v2\/pages\/38315\/revisions"}],"predecessor-version":[{"id":51640,"href":"https:\/\/cycloclubremois.com\/index.php\/wp-json\/wp\/v2\/pages\/38315\/revisions\/51640"}],"up":[{"embeddable":true,"href":"https:\/\/cycloclubremois.com\/index.php\/wp-json\/wp\/v2\/pages\/6368"}],"wp:attachment":[{"href":"https:\/\/cycloclubremois.com\/index.php\/wp-json\/wp\/v2\/media?parent=38315"}],"wp:term":[{"taxonomy":"folder","embeddable":true,"href":"https:\/\/cycloclubremois.com\/index.php\/wp-json\/wp\/v2\/folder?post=38315"}],"curies":[{"name":"wp","href":"https:\/\/api.w.org\/{rel}","templated":true}]}}