{"id":24691,"date":"2019-01-23T10:12:21","date_gmt":"2019-01-23T09:12:21","guid":{"rendered":"http:\/\/cycloclubremois.com\/?page_id=24691"},"modified":"2026-01-15T11:42:39","modified_gmt":"2026-01-15T10:42:39","slug":"liens-utiles","status":"publish","type":"page","link":"https:\/\/cycloclubremois.com\/index.php\/divers\/liens-utiles\/","title":{"rendered":"Liens utiles"},"content":{"rendered":"<p><strong><span style=\"color: #800000;\">Tous les liens utiles sur cette page<\/span><\/strong><\/p>\n<p>&nbsp;<\/p>\n<h1>La f\u00e9d\u00e9ration fran\u00e7aise de cyclotourisme&nbsp;<\/h1>\n<p><a href=\"https:\/\/ffvelo.fr\/\"><img loading=\"lazy\" decoding=\"async\" class=\"aligncenter size-full wp-image-49559\" src=\"https:\/\/cycloclubremois.com\/wp-content\/uploads\/2026\/01\/F\u00e9d\u00e9ration_fran\u00e7aise_de_cyclotourisme.png\" alt=\"\" width=\"220\" height=\"214\"><\/a><\/p>\n<p><!-- Espace de 50px --><\/p>\n<div style=\"height: 50px;\">&nbsp;<\/div>\n<h1>Comit\u00e9 Marne<\/h1>\n<p><a href=\"http:\/\/afqxzul.cluster100.hosting.ovh.net\/Codep51\/accueil.htm\"><img loading=\"lazy\" decoding=\"async\" class=\"aligncenter wp-image-49571 size-full\" src=\"https:\/\/cycloclubremois.com\/wp-content\/uploads\/2026\/01\/comitemarneffct.jpeg\" alt=\"\" width=\"600\" height=\"60\" srcset=\"https:\/\/cycloclubremois.com\/wp-content\/uploads\/2026\/01\/comitemarneffct.jpeg 600w, https:\/\/cycloclubremois.com\/wp-content\/uploads\/2026\/01\/comitemarneffct-300x30.jpeg 300w\" sizes=\"auto, (max-width: 600px) 100vw, 600px\" \/><\/a><br \/>\n<!-- Espace de 50px --><\/p>\n<div style=\"height: 50px;\">&nbsp;<\/div>\n<h1>Cyclo-long-cours<\/h1>\n<p><a href=\"http:\/\/cyclo-long-cours.fr\/tag\/pbp\/\" target=\"_blank\" rel=\"noopener\"><img loading=\"lazy\" decoding=\"async\" class=\"aligncenter wp-image-24690 size-full\" src=\"http:\/\/cycloclubremois.com\/wp-content\/uploads\/2019\/01\/Capture-d\u2019e\u0301cran-2019-01-23-a\u0300-10.08.49.png\" alt=\"\" width=\"591\" height=\"122\" srcset=\"https:\/\/cycloclubremois.com\/wp-content\/uploads\/2019\/01\/Capture-d\u2019e\u0301cran-2019-01-23-a\u0300-10.08.49.png 591w, https:\/\/cycloclubremois.com\/wp-content\/uploads\/2019\/01\/Capture-d\u2019e\u0301cran-2019-01-23-a\u0300-10.08.49-300x62.png 300w\" sizes=\"auto, (max-width: 591px) 100vw, 591px\" \/><\/a><br \/>\n<!-- Espace de 50px --><\/p>\n<div style=\"height: 50px;\">&nbsp;<\/div>\n","protected":false},"excerpt":{"rendered":"<p>Tous les liens utiles sur cette page &nbsp; La f\u00e9d\u00e9ration fran\u00e7aise de cyclotourisme&nbsp; &nbsp; Comit\u00e9 Marne &nbsp; Cyclo-long-cours &nbsp;<\/p>\n","protected":false},"author":1,"featured_media":0,"parent":6368,"menu_order":0,"comment_status":"open","ping_status":"closed","template":"onecolumn-page.php","meta":{"_acf_changed":false,"inline_featured_image":false,"ngg_post_thumbnail":0,"_kad_post_transparent":"","_kad_post_title":"","_kad_post_layout":"","_kad_post_sidebar_id":"","_kad_post_content_style":"","_kad_post_vertical_padding":"","_kad_post_feature":"","_kad_post_feature_position":"","_kad_post_header":false,"_kad_post_footer":false,"_kad_post_classname":"","footnotes":""},"folder":[],"class_list":["post-24691","page","type-page","status-publish","hentry"],"acf":[],"_links":{"self":[{"href":"https:\/\/cycloclubremois.com\/index.php\/wp-json\/wp\/v2\/pages\/24691","targetHints":{"allow":["GET"]}}],"collection":[{"href":"https:\/\/cycloclubremois.com\/index.php\/wp-json\/wp\/v2\/pages"}],"about":[{"href":"https:\/\/cycloclubremois.com\/index.php\/wp-json\/wp\/v2\/types\/page"}],"author":[{"embeddable":true,"href":"https:\/\/cycloclubremois.com\/index.php\/wp-json\/wp\/v2\/users\/1"}],"replies":[{"embeddable":true,"href":"https:\/\/cycloclubremois.com\/index.php\/wp-json\/wp\/v2\/comments?post=24691"}],"version-history":[{"count":15,"href":"https:\/\/cycloclubremois.com\/index.php\/wp-json\/wp\/v2\/pages\/24691\/revisions"}],"predecessor-version":[{"id":49575,"href":"https:\/\/cycloclubremois.com\/index.php\/wp-json\/wp\/v2\/pages\/24691\/revisions\/49575"}],"up":[{"embeddable":true,"href":"https:\/\/cycloclubremois.com\/index.php\/wp-json\/wp\/v2\/pages\/6368"}],"wp:attachment":[{"href":"https:\/\/cycloclubremois.com\/index.php\/wp-json\/wp\/v2\/media?parent=24691"}],"wp:term":[{"taxonomy":"folder","embeddable":true,"href":"https:\/\/cycloclubremois.com\/index.php\/wp-json\/wp\/v2\/folder?post=24691"}],"curies":[{"name":"wp","href":"https:\/\/api.w.org\/{rel}","templated":true}]}}