{"id":1608,"date":"2012-09-21T20:24:32","date_gmt":"2012-09-21T18:24:32","guid":{"rendered":"http:\/\/www.cycloclubremois.fr\/?page_id=1608"},"modified":"2026-04-14T09:21:13","modified_gmt":"2026-04-14T07:21:13","slug":"petites-annonces","status":"publish","type":"page","link":"https:\/\/cycloclubremois.com\/index.php\/divers\/petites-annonces\/","title":{"rendered":"Petites annonces"},"content":{"rendered":"<p>&nbsp;<\/p>\n<h2 style=\"text-align: center;\"><strong><span style=\"color: #800000;\">Les annonces paraissent pour une dur\u00e9e de un mois, sauf reconduction par le demandeur.<\/span><\/strong><\/h2>\n<p style=\"text-align: justify;\"><strong><span style=\"color: #ff0000;\">Pour passer une annonce, il est recommand\u00e9 de se faire connaitre par son nom, \u00e9ventuellement celui de son Club, adresse email et num\u00e9ro de t\u00e9l\u00e9phone.<\/span><\/strong><\/p>\n<p>&nbsp;<\/p>\n<p>&nbsp;<\/p>\n<p>&nbsp;<\/p>\n<p>&nbsp;<\/p>\n\n\n<div class=\"annonce-velo\" style=\"display: none;\">\n    \n    <div class=\"annonce-header\">\n        <h3 class=\"annonce-titre\">\ud83d\udeb4 V\u00e9lo Route Pinarello Gan S<\/h3>\n        <p class=\"annonce-prix\">1 000 \u20ac<\/p>\n        <span class=\"badge-etat occasion\">Occasion<\/span>\n    <\/div>\n    \n    <div class=\"annonce-photos\">\n        <div class=\"annonce-photo\">\n            <img decoding=\"async\" src=\"https:\/\/cycloclubremois.com\/wp-content\/uploads\/2026\/03\/IMG_1639-scaled.jpg\" alt=\"Photo 1\">\n        <\/div>\n        <div class=\"annonce-photo\">\n            <img decoding=\"async\" src=\"https:\/\/cycloclubremois.com\/wp-content\/uploads\/2026\/03\/IMG_1634-scaled.jpg\" alt=\"Photo 2\">\n        <\/div>\n        <div class=\"annonce-photo\">\n            <img decoding=\"async\" src=\"https:\/\/cycloclubremois.com\/wp-content\/uploads\/2026\/03\/IMG_1633-scaled.jpg\" alt=\"Photo 3\">\n        <\/div>\n        <div class=\"annonce-photo\">\n            <img decoding=\"async\" src=\"https:\/\/cycloclubremois.com\/wp-content\/uploads\/2026\/03\/IMG_1632-scaled.jpg\" alt=\"Photo 4\">\n        <\/div>\n    <\/div>\n    \n    <div class=\"annonce-body\">\n        \n        <h4 class=\"annonce-section-titre\">\ud83d\udd27 Caract\u00e9ristiques<\/h4>\n        <div class=\"caracteristiques-liste\">\n            <div class=\"caracteristique-item\">\n                <div class=\"caracteristique-label\">Marque<\/div>\n                <div class=\"caracteristique-value\">Pinarello<\/div>\n            <\/div>\n            <div class=\"caracteristique-item\">\n                <div class=\"caracteristique-label\">Mod\u00e8le<\/div>\n                <div class=\"caracteristique-value\">Gan S<\/div>\n            <\/div>\n            <div class=\"caracteristique-item\">\n                <div class=\"caracteristique-label\">Taille<\/div>\n                <div class=\"caracteristique-value\">M (53 cm)<\/div>\n            <\/div>\n            <div class=\"caracteristique-item\">\n                <div class=\"caracteristique-label\">Ann\u00e9e<\/div>\n                <div class=\"caracteristique-value\"><\/div>\n            <\/div>\n            <div class=\"caracteristique-item\">\n                <div class=\"caracteristique-label\">Groupe<\/div>\n                <div class=\"caracteristique-value\">Shimano Ultegra 11 vitesses (50\/34 et 13\/32)<\/div>\n            <\/div>\n            \n        <\/div>\n        \n        <h4 class=\"annonce-section-titre\">\ud83d\udcdd Description<\/h4>\n        <div class=\"annonce-description\">\n            <p>Taille 53 (convient pour adulte entre 1m74 et 1m80)\nGroupe SHIMANO ULTEGRA 11 vitesses 50\/34 et 13 \u00e0 32\nRoues FULCRUM RACING 5\nTr\u00e8s bon \u00e9tat (factures entretien par v\u00e9lociste fournies)\nPneus Hutchinson FUSION 5 peu roul\u00e9s<\/p>\n        <\/div>\n        \n        <div class=\"annonce-vendeur\">\n            <h4 class=\"vendeur-titre\">\ud83d\udc64 Contact Vendeur<\/h4>\n            <div class=\"vendeur-info\">\n                <div class=\"vendeur-item\">\n                    <div class=\"vendeur-icon\">\ud83d\udc64<\/div>\n                    <div class=\"vendeur-details\">\n                        <div class=\"vendeur-label\">Nom<\/div>\n                        <div class=\"vendeur-value\">Yvon Hofbauer <\/div>\n                    <\/div>\n                <\/div>\n                <div class=\"vendeur-item\">\n                    <div class=\"vendeur-icon\">\ud83d\udcde<\/div>\n                    <div class=\"vendeur-details\">\n                        <div class=\"vendeur-label\">T\u00e9l\u00e9phone<\/div>\n                        <div class=\"vendeur-value\"><a href=\"tel:0620633899\">0620633899<\/a><\/div>\n                    <\/div>\n                <\/div>\n                <div class=\"vendeur-item\">\n                    <div class=\"vendeur-icon\">\ud83d\udce7<\/div>\n                    <div class=\"vendeur-details\">\n                        <div class=\"vendeur-label\">Email<\/div>\n                        <div class=\"vendeur-value\"><a href=\"mailto:yhofbauer@wanadoo.fr\">yhofbauer@wanadoo.fr<\/a><\/div>\n                    <\/div>\n                <\/div>\n            <\/div>\n            <a href=\"tel:0620633899\" class=\"btn-contact-vendeur\">\ud83d\udcde Appeler le vendeur<\/a>\n        <\/div>\n        \n        <p class=\"annonce-date\">Publi\u00e9 le 03 mars 2026<\/p>\n        \n    <\/div>\n    \n<\/div>\n","protected":false},"excerpt":{"rendered":"<p>&nbsp; Les annonces paraissent pour une dur\u00e9e de un mois, sauf reconduction par le demandeur. Pour passer une annonce, il est recommand\u00e9 de se faire connaitre par son nom, \u00e9ventuellement celui de son Club, adresse email et num\u00e9ro de t\u00e9l\u00e9phone. &nbsp; &nbsp; &nbsp; &nbsp; \ud83d\udeb4 V\u00e9lo Route Pinarello Gan S 1 000 \u20ac Occasion \ud83d\udd27&#8230;<\/p>\n","protected":false},"author":1,"featured_media":0,"parent":6368,"menu_order":5,"comment_status":"open","ping_status":"closed","template":"","meta":{"_acf_changed":false,"inline_featured_image":false,"ngg_post_thumbnail":0,"_kad_post_transparent":"","_kad_post_title":"","_kad_post_layout":"","_kad_post_sidebar_id":"","_kad_post_content_style":"","_kad_post_vertical_padding":"","_kad_post_feature":"","_kad_post_feature_position":"","_kad_post_header":false,"_kad_post_footer":false,"_kad_post_classname":"","footnotes":""},"folder":[],"class_list":["post-1608","page","type-page","status-publish","hentry"],"acf":[],"_links":{"self":[{"href":"https:\/\/cycloclubremois.com\/index.php\/wp-json\/wp\/v2\/pages\/1608","targetHints":{"allow":["GET"]}}],"collection":[{"href":"https:\/\/cycloclubremois.com\/index.php\/wp-json\/wp\/v2\/pages"}],"about":[{"href":"https:\/\/cycloclubremois.com\/index.php\/wp-json\/wp\/v2\/types\/page"}],"author":[{"embeddable":true,"href":"https:\/\/cycloclubremois.com\/index.php\/wp-json\/wp\/v2\/users\/1"}],"replies":[{"embeddable":true,"href":"https:\/\/cycloclubremois.com\/index.php\/wp-json\/wp\/v2\/comments?post=1608"}],"version-history":[{"count":112,"href":"https:\/\/cycloclubremois.com\/index.php\/wp-json\/wp\/v2\/pages\/1608\/revisions"}],"predecessor-version":[{"id":53291,"href":"https:\/\/cycloclubremois.com\/index.php\/wp-json\/wp\/v2\/pages\/1608\/revisions\/53291"}],"up":[{"embeddable":true,"href":"https:\/\/cycloclubremois.com\/index.php\/wp-json\/wp\/v2\/pages\/6368"}],"wp:attachment":[{"href":"https:\/\/cycloclubremois.com\/index.php\/wp-json\/wp\/v2\/media?parent=1608"}],"wp:term":[{"taxonomy":"folder","embeddable":true,"href":"https:\/\/cycloclubremois.com\/index.php\/wp-json\/wp\/v2\/folder?post=1608"}],"curies":[{"name":"wp","href":"https:\/\/api.w.org\/{rel}","templated":true}]}}